{"id":710,"date":"2023-10-31T15:10:21","date_gmt":"2023-10-31T14:10:21","guid":{"rendered":"https:\/\/ambbelgrado.esteri.it\/?page_id=710"},"modified":"2026-02-24T09:20:57","modified_gmt":"2026-02-24T08:20:57","slug":"sponsorizzazioni","status":"publish","type":"page","link":"https:\/\/ambbelgrado.esteri.it\/it\/servizi-consolari-e-visti\/servizi-per-il-cittadino-italiano\/albo-consolare-e-altri-servizi\/sponsorizzazioni\/","title":{"rendered":"Sponsorizzazioni"},"content":{"rendered":"<div>\n<p style=\"text-align: right;\">Aggiornato al 24 febbraio 2026<\/p>\n<p>&nbsp;<\/p>\n<p><strong>AVVISO PUBBLICO PER LA RICERCA DI SPONSORIZZAZIONI PER EVENTI DI PROMOZIONE INTEGRATA DELL\u2019ITALIA ORGANIZZATI DALL\u2019AMBASCIATA D\u2019ITALIA A BELGRADO PER L\u2019ANNO 2026<\/strong><\/p>\n<p><a href=\"https:\/\/ambbelgrado.esteri.it\/wp-content\/uploads\/2026\/02\/Bando-sponsorizzazione-EVENTI-PROMOZIONE-INTEGRATA-2026_Firmato.pdf\">Avviso in lingua italiana<\/a><\/p>\n<p><a href=\"https:\/\/ambbelgrado.esteri.it\/wp-content\/uploads\/2026\/02\/Bando-sponsorizzazione-EVENTI-PROMOZIONE-INTEGRATA-2026-19.01.2026_SER.docx\">Avviso in lingua serba<\/a><\/p>\n<\/div>\n<p>***<\/p>\n<div>\n<p><strong>AVVISO PUBBLICO PER LA RICERCA DI SPONSORIZZAZIONI PER EVENTI DI PROMOZIONE INTEGRATA DELL\u2019ITALIA ORGANIZZATI DALL\u2019AMBASCIATA D\u2019ITALIA A BELGRADO PER L\u2019ANNO 2025<\/strong><\/p>\n<p><a href=\"https:\/\/ambbelgrado.esteri.it\/wp-content\/uploads\/2025\/03\/Sponsorizzazione-eventi-promo-integrata_Firmato.pdf\">Sponsorizzazione eventi promo integrata_Firmato<\/a><\/p>\n<p><a href=\"https:\/\/ambbelgrado.esteri.it\/wp-content\/uploads\/2025\/03\/allegato_1_manifestazione_interesse-e-informativa-trattamento-dati.docx\">allegato_1_manifestazione_interesse e informativa trattamento dati<\/a><\/p>\n<p>***<\/p>\n<p><strong>Avviso di ricezione di proposta di sponsorizzazione<\/strong><\/p>\n<ul>\n<li>Paese: SERBIA<\/li>\n<li>Tipologia: Avviso per sponsorizzazione<\/li>\n<\/ul>\n<p>Ai sensi dell\u2019art. 6, comma 1 del D.M. 192\/2017, si rende noto che L\u2019Ambasciata d\u2019Italia a Belgrado ha ricevuto una proposta di sponsorizzazione tecnica da parte della Societ\u00e0 DDOR Novi Sad a.d.o. per la stipula di una polizza assicurativa di responsabilit\u00e0 civile verso terzi ed una polizza contro gli infortuni sul lavoro del personale dipendente, derivante dalle attivit\u00e0 dell\u2019Ambasciata d\u2019Italia a Belgrado.<\/p>\n<p><a href=\"https:\/\/ambbelgrado.esteri.it\/wp-content\/uploads\/2024\/09\/Avviso-di-ricezione-di-proposta-di-sposorizzazione-protocollato.pdf\">AVVISO DI RICEZIONE DI PROPOSTA DI SPONSORIZZAZIONE<\/a><\/p>\n<h3>\u00a0***<\/h3>\n<h3><strong>Avviso di ricezione di proposta di sponsorizzazione<\/strong><\/h3>\n<ul>\n<li>Paese: SERBIA<\/li>\n<li>Tipologia: Avviso per sponsorizzazione<\/li>\n<\/ul>\n<p>Ai sensi dell\u2019art. 6, comma 1 del D.M. 192\/2017, si rende noto che l\u2019Ambasciata d\u2019Italia a Belgrado ha ricevuto una proposta di sponsorizzazione tecnica da parte della Societ\u00e0 CSA S.C.p.A. per la fornitura del servizio di digitalizzazione di tutti i fascicoli cartacei dell\u2019archivio della Cancelleria Consolare di questa Ambasciata d\u2019Italia a Belgrado<\/p>\n<\/div>\n<p><a href=\"https:\/\/ambbelgrado.esteri.it\/wp-content\/uploads\/2024\/08\/Avviso-dettagliato-digit-arch-Cons.pdf\">AVVISO DI RICEZIONE DI PROPOSTA DI SPONSORIZZAZIONE<\/a><\/p>\n<p>&nbsp;<\/p>\n<p>***<\/p>\n<div>\n<h3><strong>Avviso di ricezione di proposta di sponsorizzazione<\/strong><\/h3>\n<ul>\n<li>Paese: SERBIA<\/li>\n<li>Tipologia: Avviso per sponsorizzazione<\/li>\n<\/ul>\n<p>Ai sensi dell\u2019art. 6, comma 1 del D.M. 192\/2017, si rende noto che l\u2019Ambasciata d\u2019Italia a Belgrado ha ricevuto una proposta di sponsorizzazione tecnica da parte dello studio di architettura Cannata &amp; Partners Lighting Design s.r.l per la predisposizione preliminare e definitiva del progetto di illuminazione della facciata principale e degli ambienti di Rappresentanza compresa la Cappella dell\u2019Ambasciata d\u2019Italia a Belgrado.<\/p>\n<p><a href=\"https:\/\/ambbelgrado.esteri.it\/wp-content\/uploads\/2024\/06\/Avviso-di-ricezione-proposta-di-sponsorizzazione.pdf\">AVVISO DI RICEZIONE DI PROPOSTA DI SPONSORIZZAZIONE<\/a><\/p>\n<\/div>\n<div><\/div>\n<div>\n<p>***<\/p>\n<p style=\"text-align: center;\"><strong>AVVISO<\/strong><\/p>\n<p><a href=\"https:\/\/ambbelgrado.esteri.it\/wp-content\/uploads\/2023\/10\/avviso_pubblico_sponsorizzazioni_firmato.pdf\">COLLABORAZIONE IN OCCASIONE DI EVENTI<\/a><\/p>\n<\/div>\n<p>***<\/p>\n<p><strong>AVVISO PUBBLICO PER L\u2019OFFERTA DI SPONSORIZZAZIONI IN OCCASIONE DEL RICEVIMENTO DELLA FESTA NAZIONALE 2024<\/strong><\/p>\n<ul>\n<li><a href=\"https:\/\/ambbelgrado.esteri.it\/wp-content\/uploads\/2024\/04\/Avviso-pubblico-offerta-di-sponsorizzazioni-Festa-Nazionale-2024.pdf\">Avviso pubblico offerta sponsorizzazioni in occasione ricevimento Festa Nazionale 2 Giugno<\/a><\/li>\n<li><a href=\"https:\/\/ambbelgrado.esteri.it\/wp-content\/uploads\/2024\/04\/Documento-unico-dei-requisiti-e-informativa-trattamento-dati-personali-IT-SPONSORIZZAZIONE-2024.docx\">Documento unico dei requisiti e informativa trattamento dati personali \u2013 IT \u2013 SPONSORIZZAZIONE 2024<\/a><\/li>\n<li><a href=\"https:\/\/ambbelgrado.esteri.it\/wp-content\/uploads\/2024\/04\/Informativa-sulla-protezione-delle-persone-fisiche-con-riguardo-al-trattamento-dei-dati-personali-2024.docx\">Informativa sulla protezione delle persone fisiche con riguardo al trattamento dei dati personali<\/a><\/li>\n<\/ul>\n<p>***<\/p>\n<header class=\"entry-header\">\n<h4 class=\"entry-title h3\">Avviso pubblico per l\u2019offerta di sponsorizzazioni in occasione delle celebrazioni del centenario (della posa della prima pietra) dell\u2019Ambasciata d\u2019Italia a Belgrado con il programma di eventi \u201cBircaninova@100\u201d<\/h4>\n<\/header>\n<div class=\"entry-content\">\n<p>L\u2019Ambasciata d\u2019Italia a Belgrado intende offrire la possibilit\u00e0 di concludere contratti di sponsorizzazione in occasione delle celebrazioni del centenario (della posa della prima pietra) dell\u2019Ambasciata d\u2019Italia a Belgrado con il programma di eventi \u201cBircaninova@100\u201d a soggetti pubblici o privati interessati e che, dietro corrispettivo in denaro o collaborazione \u201cin kind\u201d, intendano promuovere la propria immagine attraverso la pubblicazione del proprio logo o altra adeguata modalit\u00e0 comunicativa.<\/p>\n<p>L\u2019offerta di sponsorizzazione da parte dei soggetti interessati dovr\u00e0 essere presentata in forma scritta a questa Ambasciata.<\/p>\n<p>Per maggiori dettagli relativi all\u2019Avviso si prega di consultare seguenti documenti:<\/p>\n<ul>\n<li><a class=\"focus--mouse\" href=\"https:\/\/ambbelgrado.esteri.it\/wp-content\/uploads\/2024\/02\/Avviso-pubblico-sponsorizzazioni-100-anni-Ambasciata.pdf\" data-focus-mouse=\"true\">Avviso pubblico per l\u2019offerta di sponsorizzazioni in occasione delle celebrazioni del centenario (della posa della prima pietra) dell\u2019Ambasciata d\u2019Italia a Belgrado con il programma di eventi \u201cBircaninova@100\u201d<\/a><\/li>\n<li><a href=\"https:\/\/ambbelgrado.esteri.it\/wp-content\/uploads\/2024\/02\/documento_unico_dei_requisiti_e_informativa_trattamento_dati_personali_-_it_-_sponsorizzazione_2023.docx\">Documento unico dei requisiti e informativa trattamento dati personali<\/a><\/li>\n<li><a href=\"https:\/\/ambbelgrado.esteri.it\/wp-content\/uploads\/2024\/02\/informativa_sulla_protezione_delle_persone_fisiche_con_riguardo_al_trattamento_dei_dati_personali.docx\">Informativa sulla protezione delle persone fisiche con riguardo al trattamento dei dati personali<\/a><\/li>\n<\/ul>\n<\/div>\n<p>***<\/p>\n<div>\n<p><strong>AVVISO PUBBLICO PER L&#8217;OFFERTA DI SPONSORIZZAZIONI IN OCCASIONE DEL RICEVIMENTO DELLA FESTA NAZIONALE DEL 2 GIUGNO 2023<\/strong><\/p>\n<ul>\n<li><a href=\"https:\/\/ambbelgrado.esteri.it\/wp-content\/uploads\/2023\/10\/avviso_pubblico_sponsorizzazioni_firmato.pdf\">Avviso pubblico offerta sponsorizzazioni in occasione ricevimento Festa Nazionale 2 Giugno<\/a><\/li>\n<li><a href=\"https:\/\/ambbelgrado.esteri.it\/wp-content\/uploads\/2023\/10\/documento_unico_dei_requisiti_e_informativa_trattamento_dati_personali_-_it_-_sponsorizzazione_2023.docx\">Documento unico dei requisiti e informativa trattamento dati personali &#8211; IT &#8211; SPONSORIZZAZIONE 2023<\/a><\/li>\n<li><a href=\"https:\/\/ambbelgrado.esteri.it\/wp-content\/uploads\/2023\/10\/informativa_sulla_protezione_delle_persone_fisiche_con_riguardo_al_trattamento_dei_dati_personali.docx\">Informativa sulla protezione delle persone fisiche con riguardo al trattamento dei dati personali<\/a><\/li>\n<\/ul>\n<p>***<\/p>\n<p><a href=\"https:\/\/ambbelgrado.esteri.it\/wp-content\/uploads\/2023\/10\/avviso_di_ricezione_proposta_di_sponsorizzazione.pdf\">AVVISO DI RICEZIONE DI PROPOSTA DI SPONSORIZZAZIONE<\/a><\/p>\n<p>&nbsp;<\/p>\n<\/div>\n","protected":false},"excerpt":{"rendered":"Aggiornato al 24 febbraio 2026 &nbsp; AVVISO PUBBLICO PER LA RICERCA DI SPONSORIZZAZIONI PER EVENTI DI PROMOZIONE INTEGRATA DELL\u2019ITALIA ORGANIZZATI DALL\u2019AMBASCIATA D\u2019ITALIA A BELGRADO PER L\u2019ANNO 2026 Avviso in lingua italiana Avviso in lingua serba *** AVVISO PUBBLICO PER LA RICERCA DI SPONSORIZZAZIONI PER EVENTI DI PROMOZIONE INTEGRATA DELL\u2019ITALIA ORGANIZZATI DALL\u2019AMBASCIATA D\u2019ITALIA A BELGRADO PER [&hellip;]","protected":false},"author":5,"featured_media":0,"parent":76,"menu_order":1,"comment_status":"closed","ping_status":"closed","template":"","meta":{"footnotes":""},"class_list":["post-710","page","type-page","status-publish","hentry"],"_links":{"self":[{"href":"https:\/\/ambbelgrado.esteri.it\/it\/wp-json\/wp\/v2\/pages\/710","targetHints":{"allow":["GET"]}}],"collection":[{"href":"https:\/\/ambbelgrado.esteri.it\/it\/wp-json\/wp\/v2\/pages"}],"about":[{"href":"https:\/\/ambbelgrado.esteri.it\/it\/wp-json\/wp\/v2\/types\/page"}],"author":[{"embeddable":true,"href":"https:\/\/ambbelgrado.esteri.it\/it\/wp-json\/wp\/v2\/users\/5"}],"replies":[{"embeddable":true,"href":"https:\/\/ambbelgrado.esteri.it\/it\/wp-json\/wp\/v2\/comments?post=710"}],"version-history":[{"count":6,"href":"https:\/\/ambbelgrado.esteri.it\/it\/wp-json\/wp\/v2\/pages\/710\/revisions"}],"predecessor-version":[{"id":14698,"href":"https:\/\/ambbelgrado.esteri.it\/it\/wp-json\/wp\/v2\/pages\/710\/revisions\/14698"}],"up":[{"embeddable":true,"href":"https:\/\/ambbelgrado.esteri.it\/it\/wp-json\/wp\/v2\/pages\/76"}],"wp:attachment":[{"href":"https:\/\/ambbelgrado.esteri.it\/it\/wp-json\/wp\/v2\/media?parent=710"}],"curies":[{"name":"wp","href":"https:\/\/api.w.org\/{rel}","templated":true}]}}