{"id":703,"date":"2023-10-31T13:09:05","date_gmt":"2023-10-31T12:09:05","guid":{"rendered":"https:\/\/ambbelgrado.esteri.it\/?page_id=703"},"modified":"2023-10-31T13:09:05","modified_gmt":"2023-10-31T12:09:05","slug":"domande-frequenti","status":"publish","type":"page","link":"https:\/\/ambbelgrado.esteri.it\/it\/italia-e-serbia\/diplomazia-economica\/domande-frequenti\/","title":{"rendered":"Domande frequenti"},"content":{"rendered":"<h4>SEZIONE ECONOMICO-COMMERCIALE<\/h4>\n<p><strong>Chi \u00e8 l\u2019autorit\u00e0 competente e quanto tempo occorre per registrare una societ\u00e0 in Serbia?<\/strong><\/p>\n<p>L\u2019istituzione incaricata per la costituzione delle societ\u00e0 \u00e8 <a href=\"http:\/\/www.apr.gov.rs\/eng\"><strong>l\u2019Agenzia per il Registro delle Imprese<\/strong><\/a> ed il tempo medio per rendere attiva la societ\u00e0 \u00e8 inferiore a 10 giorni.<\/p>\n<p>&nbsp;<\/p>\n<p><strong>Quali sono i costi per la costituzione di una societ\u00e0 di capitali?<\/strong><\/p>\n<p>Il costo previsto per la costituzione di una societ\u00e0 a responsabilit\u00e0 limitata (d.o.o.) \u00e8 di 3.600 Dinari (36 Euro), con un capitale sociale minimo di 500 Euro.<\/p>\n<p>Per una societ\u00e0 per azioni (a.d.), con un capitale sociale minimo di Euro 25mila, i costi ammontano a 10.200 Dinari (circa 100 Euro).<\/p>\n<p>&nbsp;<\/p>\n<p><strong>Quali modalit\u00e0 sono previste per ottenere un terreno in Serbia ai fini di edificarvi strutture aziendali?<\/strong><\/p>\n<p>In Serbia i terreni, sia edificabili che agricoli, possono essere di propriet\u00e0 pubblica o privata. I terreni edificabili non pubblici sono definiti con la sigla \u201cadt\u201d (altro terreno edificabile) e possono essere ottenuti, oltre che con il trasferimento di propriet\u00e0, anche mediante: a) affitto (durata 99 anni se il terreno appartiene ad un ente pubblico), b) costituzione di un diritto di usufrutto. E\u2019 inoltre possibile acquistare un terreno agricolo e successivamente richiedere la conversione in edificabile (quando il terreno agricolo \u00e8 gi\u00e0 inserito nel piano di urbanizzazione del comune a cui appartiene).<\/p>\n<p>&nbsp;<\/p>\n<p><strong>Quali sono i dazi doganali in Serbia?<\/strong><\/p>\n<p>I dazi variano da 0% al 30% in base alla categorie merceologiche.<\/p>\n<p>Per maggiori approfondimenti e per visualizzare il tariffario si consulti il sito dell\u2019<strong><a href=\"http:\/\/www.carina.rs\">Agenzia delle Dogane<\/a><\/strong><\/p>\n<p>&nbsp;<\/p>\n<p><strong>Cosa sono le Zone Franche?<\/strong><\/p>\n<p>Si tratta di aree in cui gli imprenditori godono di particolari privilegi, quali l\u2019esenzione IVA per le importazioni e le transazioni interne ed esenzioni da dazio doganale per alcuni beni (es. materiali per l\u2019edilizia).<\/p>\n<p>Il transito di merci dalle Zone Franche verso la Serbia \u00e8, invece, considerato come una normale importazione, pertanto soggetta al relativo regime (salvo che si tratti di beni realizzati con un minimo del 50% di componenti serbe).<\/p>\n<p>Per approfondimenti consulta il seguente <strong><a href=\"http:\/\/www.usz.gov.rs\">sito<\/a><\/strong><\/p>\n<p>&nbsp;<\/p>\n<p><strong>Quale regime fiscale \u00e8 previsto per le imprese?<\/strong><\/p>\n<p>Tutte le imprese che operano in Serbia (di diritto serbo e straniere) sono tenute a pagare a titolo di imposta il 10% del reddito generato, mentre su altri tipi di entrate (capital gain, royalties, locazioni) l\u2019aliquota \u00e8 del 20%.<\/p>\n<p>Inoltre, ogni datore di lavoro \u00e8 tenuto a pagare, quali oneri assistenziali, circa il 12% della retribuzione per ogni dipendente.<\/p>\n<p>Per approfondimenti visita il sito dell\u2019<strong><a href=\"http:\/\/www.siepa.gov.rs\">Agenzia per la Promozione degli Investimenti e delle Esportazioni<\/a> <\/strong>(SIEPA)<\/p>\n<p>&nbsp;<\/p>\n<p><strong>Quali sono i principali incentivi fiscali per chi investe in Serbia?<\/strong><\/p>\n<p>Tra i principali incentivi introdotti dalla Repubblica di Serbia, la cui possibile applicazione dipende dalle autorit\u00e0 serbe, si segnalano i seguenti strumenti.<\/p>\n<ul>\n<li>Riporto delle perdite: la perdita di un esercizio di impresa pu\u00f2 essere riportata fino a 10 anni.<\/li>\n<li>Esenzioni fiscali sulle concessioni: un periodo di cinque anni senza pagare imposte per gli investimenti collegati alle concessioni.<\/li>\n<li>Crediti fiscali: un credito fiscale minimo del 20% dell\u2019ammontare del capitale investito in immobilizzazioni materiali.<\/li>\n<li>Esenzione dall\u2019imposta sugli utili: per coloro che investono pi\u00f9 di Euro 7,5mln ed impiegano almeno 100 lavoratori a tempo pieno.<\/li>\n<li>Incentivi per l\u2019assunzione di nuovi lavoratori: in particolare giovani sotto i 30 anni e per un periodo massimo di 3 anni.<\/li>\n<li>Crediti fiscali sugli utili generati nelle aree sotto sviluppate: riconosciuti per un massimo di due anni, \u00e8 equivalenti all\u2019imposta ipotetica da pagare sull\u2019utile dichiarato.<\/li>\n<\/ul>\n<p>Per maggiori approfondimenti sulle condizioni di accesso e per conoscere gli ulteriori incentivi visita il sito dell\u2019<strong><a href=\"http:\/\/www.siepa.gov.rs\">Agenzia per la Promozione degli Investimenti e delle Esportazioni<\/a> <\/strong>(SIEPA)<\/p>\n<p>&nbsp;<\/p>\n<p><strong>Quali sono i salari minimi e gli orari massimi previsti dalla legge?<\/strong><\/p>\n<p>Il salario minino previsto nel 2008 dal diritto serbo \u00e8 di circa 64 Dinari l\u2019ora (circa 0,70 centesimi di Euro). L\u2019orario lavorativo settimanale ammonta ad un massimo di 40 ore.<\/p>\n","protected":false},"excerpt":{"rendered":"SEZIONE ECONOMICO-COMMERCIALE Chi \u00e8 l\u2019autorit\u00e0 competente e quanto tempo occorre per registrare una societ\u00e0 in Serbia? L\u2019istituzione incaricata per la costituzione delle societ\u00e0 \u00e8 l\u2019Agenzia per il Registro delle Imprese ed il tempo medio per rendere attiva la societ\u00e0 \u00e8 inferiore a 10 giorni. &nbsp; Quali sono i costi per la costituzione di una societ\u00e0 [&hellip;]","protected":false},"author":5,"featured_media":0,"parent":43,"menu_order":0,"comment_status":"closed","ping_status":"closed","template":"","meta":{"footnotes":""},"class_list":["post-703","page","type-page","status-publish","hentry"],"_links":{"self":[{"href":"https:\/\/ambbelgrado.esteri.it\/it\/wp-json\/wp\/v2\/pages\/703","targetHints":{"allow":["GET"]}}],"collection":[{"href":"https:\/\/ambbelgrado.esteri.it\/it\/wp-json\/wp\/v2\/pages"}],"about":[{"href":"https:\/\/ambbelgrado.esteri.it\/it\/wp-json\/wp\/v2\/types\/page"}],"author":[{"embeddable":true,"href":"https:\/\/ambbelgrado.esteri.it\/it\/wp-json\/wp\/v2\/users\/5"}],"replies":[{"embeddable":true,"href":"https:\/\/ambbelgrado.esteri.it\/it\/wp-json\/wp\/v2\/comments?post=703"}],"version-history":[{"count":1,"href":"https:\/\/ambbelgrado.esteri.it\/it\/wp-json\/wp\/v2\/pages\/703\/revisions"}],"predecessor-version":[{"id":704,"href":"https:\/\/ambbelgrado.esteri.it\/it\/wp-json\/wp\/v2\/pages\/703\/revisions\/704"}],"up":[{"embeddable":true,"href":"https:\/\/ambbelgrado.esteri.it\/it\/wp-json\/wp\/v2\/pages\/43"}],"wp:attachment":[{"href":"https:\/\/ambbelgrado.esteri.it\/it\/wp-json\/wp\/v2\/media?parent=703"}],"curies":[{"name":"wp","href":"https:\/\/api.w.org\/{rel}","templated":true}]}}