{"id":629,"date":"2023-10-24T16:20:24","date_gmt":"2023-10-24T14:20:24","guid":{"rendered":"https:\/\/ambbelgrado.esteri.it\/?page_id=629"},"modified":"2023-11-24T14:59:21","modified_gmt":"2023-11-24T13:59:21","slug":"affidamento-di-minori-in-caso-di-viaggio","status":"publish","type":"page","link":"https:\/\/ambbelgrado.esteri.it\/it\/servizi-consolari-e-visti\/servizi-per-il-cittadino-italiano\/affidamento-di-minori-in-caso-di-viaggio\/","title":{"rendered":"Affidamento di minori in caso di viaggio"},"content":{"rendered":"<p>Se si desidera che un minore al di sotto di anni 14, munito di documento di viaggio italiano, viaggi all\u2019estero accompagnato da una persona diversa dai genitori o affidato a personale di una compagnia aerea, \u00e8 necessario che venga indicato su una apposita dichiarazione il nome della persona, dell&#8217;Ente o della compagnia di trasporto a cui il minore stesso viene affidato.<br \/>\nLa dichiarazione di affidamento avr\u00e0 validit\u00e0 massima di 6 mesi, per un solo viaggio di Andata e\/o Ritorno con destinazione determinata.<br \/>\nPer il rilascio della dichiarazione di affidamento bisogna compilare il<a href=\"https:\/\/ambbelgrado.esteri.it\/wp-content\/uploads\/2023\/10\/modulistica_consolare_-dichiarazione_accompagnamento1.doc\"><strong> formulario<\/strong><\/a>.<br \/>\nL&#8217;affidamento pu\u00f2 avvenire anche a favore di pi\u00f9 persone o di pi\u00f9 compagnie aeree.<br \/>\nSi suggerisce, prima di acquistare il biglietto della compagnia di trasporto, di verificare che la stessa accetti che il minore sia ad essa affidato<\/p>\n<p>Per il rilascio della dichiarazione di affidamento, almeno uno dei due genitori, previo appuntamento da prenotarsi inviando una e-mail a: <a href=\"mailto:consolare.belgrado@esteri.it\">consolare.belgrado@esteri.it<\/a> , dovr\u00e0 presentarsi presso la Cancelleria Consolare munito di tutti i documenti d\u2019identit\u00e0 sia dei genitori che del minore e fotocopia del documento dell\u2019affidatario.<\/p>\n<p>L&#8217;altro genitore, se anch&#8217;esso cittadino italiano oppure cittadino di un Paese dell\u2019Unione Europea o se non cittadino di un Paese dell\u2019Unione ma residente in Italia, potr\u00e0 concedere il proprio assenso compilando e firmando il modulo di cui sopra allegando alla sottoscrizione, che dovr\u00e0 essere in originale, una copia del proprio documento di identit\u00e0 e affidando tali documenti al genitore che verr\u00e0 presso l\u2019Ufficio. Nel caso invece l\u2019altro genitore sia cittadino di Paese non aderente all\u2019Unione Europea e non regolarmente residente in Italia, dovr\u00e0 presentarsi personalmente presso la Cancelleria Consolare.<br \/>\nIl rilascio della dichiarazione \u00e8 esente dal pagamento di diritti consolari.<\/p>\n","protected":false},"excerpt":{"rendered":"Se si desidera che un minore al di sotto di anni 14, munito di documento di viaggio italiano, viaggi all\u2019estero accompagnato da una persona diversa dai genitori o affidato a personale di una compagnia aerea, \u00e8 necessario che venga indicato su una apposita dichiarazione il nome della persona, dell&#8217;Ente o della compagnia di trasporto a [&hellip;]","protected":false},"author":5,"featured_media":0,"parent":47,"menu_order":1,"comment_status":"closed","ping_status":"closed","template":"","meta":{"footnotes":""},"class_list":["post-629","page","type-page","status-publish","hentry"],"_links":{"self":[{"href":"https:\/\/ambbelgrado.esteri.it\/it\/wp-json\/wp\/v2\/pages\/629","targetHints":{"allow":["GET"]}}],"collection":[{"href":"https:\/\/ambbelgrado.esteri.it\/it\/wp-json\/wp\/v2\/pages"}],"about":[{"href":"https:\/\/ambbelgrado.esteri.it\/it\/wp-json\/wp\/v2\/types\/page"}],"author":[{"embeddable":true,"href":"https:\/\/ambbelgrado.esteri.it\/it\/wp-json\/wp\/v2\/users\/5"}],"replies":[{"embeddable":true,"href":"https:\/\/ambbelgrado.esteri.it\/it\/wp-json\/wp\/v2\/comments?post=629"}],"version-history":[{"count":2,"href":"https:\/\/ambbelgrado.esteri.it\/it\/wp-json\/wp\/v2\/pages\/629\/revisions"}],"predecessor-version":[{"id":8624,"href":"https:\/\/ambbelgrado.esteri.it\/it\/wp-json\/wp\/v2\/pages\/629\/revisions\/8624"}],"up":[{"embeddable":true,"href":"https:\/\/ambbelgrado.esteri.it\/it\/wp-json\/wp\/v2\/pages\/47"}],"wp:attachment":[{"href":"https:\/\/ambbelgrado.esteri.it\/it\/wp-json\/wp\/v2\/media?parent=629"}],"curies":[{"name":"wp","href":"https:\/\/api.w.org\/{rel}","templated":true}]}}