{"id":598,"date":"2023-10-24T12:32:01","date_gmt":"2023-10-24T10:32:01","guid":{"rendered":"https:\/\/ambbelgrado.esteri.it\/?page_id=598"},"modified":"2023-11-28T15:42:30","modified_gmt":"2023-11-28T14:42:30","slug":"studi","status":"publish","type":"page","link":"https:\/\/ambbelgrado.esteri.it\/it\/servizi-consolari-e-visti\/servizi-per-il-cittadino-straniero\/studi\/","title":{"rendered":"Studi"},"content":{"rendered":"<hr \/>\n<div class=\"sr-only\"><\/div>\n<div>\n<h2><img decoding=\"async\" src=\"https:\/\/ambbelgrado.esteri.it\/ambasciata_belgrado\/resource\/img\/2015\/07\/la_citta_ideale_min.jpg\" alt=\"La citta' ideale\" \/><\/h2>\n<p>L&#8217;Ufficio Studi fornisce informazioni e consulenza per l&#8217;iscrizione a Scuole e Universit\u00e0 in Italia e rilascia le necessarie dichiarazioni di valore per i titoli conseguiti presso Scuole e Universit\u00e0 della circoscrizione consolare perch\u00e8 gli interessati possano ottenere l\u2019equipollenza dei titoli di studio primari e secondari con analoghi titoli italiani, l\u2019iscrizione a scuole ed Universit\u00e0 italiane, il riconoscimento in Italia degli studi universitari e l\u2019assegnazione di borse di studio.<\/p>\n<p>\u2022 <a href=\"https:\/\/ambbelgrado.esteri.it\/ambasciata_belgrado\/it\/informazioni_e_servizi\/servizi_consolari\/studi\/scuole\">Scuole<\/a><\/p>\n<p>\u2022 <a href=\"https:\/\/ambbelgrado.esteri.it\/it\/servizi-consolari-e-visti\/servizi-per-il-cittadino-straniero\/studi\/disposizioni-ai-fini-delle-preiscrizioni-alle-universita-italiane-per-gli-studenti-stranieri\/\">Universita\u2019 e preiscrizioni Universitarie<\/a><\/p>\n<p>\u2022 <a href=\"https:\/\/ambbelgrado.esteri.it\/it\/servizi-consolari-e-visti\/servizi-per-il-cittadino-straniero\/studi\/equipollenza-titoli-di-studio-e-dichiarazioni-di-valore\/\">Equipollenza titoli di studio e dichiarazioni di valore<\/a><\/p>\n<p>\u2022 <a href=\"https:\/\/iicbelgrado.esteri.it\/iic_belgrado\/it\/imparare_italiano\/i_corsi_di_lingua\/come_e_quando_iscriversi\/\">Corsi di lingua<\/a><\/p>\n<\/div>\n","protected":false},"excerpt":{"rendered":"L&#8217;Ufficio Studi fornisce informazioni e consulenza per l&#8217;iscrizione a Scuole e Universit\u00e0 in Italia e rilascia le necessarie dichiarazioni di valore per i titoli conseguiti presso Scuole e Universit\u00e0 della circoscrizione consolare perch\u00e8 gli interessati possano ottenere l\u2019equipollenza dei titoli di studio primari e secondari con analoghi titoli italiani, l\u2019iscrizione a scuole ed Universit\u00e0 italiane, [&hellip;]","protected":false},"author":5,"featured_media":0,"parent":48,"menu_order":1,"comment_status":"closed","ping_status":"closed","template":"","meta":{"footnotes":""},"class_list":["post-598","page","type-page","status-publish","hentry"],"_links":{"self":[{"href":"https:\/\/ambbelgrado.esteri.it\/it\/wp-json\/wp\/v2\/pages\/598","targetHints":{"allow":["GET"]}}],"collection":[{"href":"https:\/\/ambbelgrado.esteri.it\/it\/wp-json\/wp\/v2\/pages"}],"about":[{"href":"https:\/\/ambbelgrado.esteri.it\/it\/wp-json\/wp\/v2\/types\/page"}],"author":[{"embeddable":true,"href":"https:\/\/ambbelgrado.esteri.it\/it\/wp-json\/wp\/v2\/users\/5"}],"replies":[{"embeddable":true,"href":"https:\/\/ambbelgrado.esteri.it\/it\/wp-json\/wp\/v2\/comments?post=598"}],"version-history":[{"count":3,"href":"https:\/\/ambbelgrado.esteri.it\/it\/wp-json\/wp\/v2\/pages\/598\/revisions"}],"predecessor-version":[{"id":8817,"href":"https:\/\/ambbelgrado.esteri.it\/it\/wp-json\/wp\/v2\/pages\/598\/revisions\/8817"}],"up":[{"embeddable":true,"href":"https:\/\/ambbelgrado.esteri.it\/it\/wp-json\/wp\/v2\/pages\/48"}],"wp:attachment":[{"href":"https:\/\/ambbelgrado.esteri.it\/it\/wp-json\/wp\/v2\/media?parent=598"}],"curies":[{"name":"wp","href":"https:\/\/api.w.org\/{rel}","templated":true}]}}