{"id":583,"date":"2023-10-24T11:06:25","date_gmt":"2023-10-24T09:06:25","guid":{"rendered":"https:\/\/ambbelgrado.esteri.it\/?page_id=583"},"modified":"2023-11-01T11:45:20","modified_gmt":"2023-11-01T10:45:20","slug":"divorzio","status":"publish","type":"page","link":"https:\/\/ambbelgrado.esteri.it\/it\/servizi-consolari-e-visti\/servizi-per-il-cittadino-italiano\/stato-civile\/divorzio\/","title":{"rendered":"Divorzio"},"content":{"rendered":"<p>Le sentenze straniere, munite di legalizzazione e traduzione in italiano, possono essere presentate per la trascrizione in Italia:<\/p>\n<p>\u2022 al Comune italiano, direttamente dall\u2019interessato;<br \/>\n\u2022 oppure al Consolato italiano nella cui circoscrizione \u00e8 stata emessa la sentenza.<\/p>\n<p>Per richiedere la trascrizione \u00e8 necessario esibire un documento di identit\u00e0 in corso di validit\u00e0 e produrre:<\/p>\n<p>\u2022 istanza di trasmissione della sentenza sotto forma di dichiarazione sostitutiva di atto notorio resa ai sensi dell\u2019art. 47 del DPR 445\/2000 attestante la sussistenza dei requisiti di cui all\u2019art. 64 della legge 218\/1995 nella quale si dichiara che la sentenza non \u00e8 contraria ad altre sentenze pronunciate da un giudice italiano e che non pende un giudizio davanti a un giudice italiano per il medesimo oggetto e fra le stesse parti (<a href=\"https:\/\/ambbelgrado.esteri.it\/wp-content\/uploads\/2023\/11\/mod_dichiarazione_sostitutiva_atto_notorio_divorzio.doc\">clicca qui<\/a>);<br \/>\n\u2022 copia integrale della sentenza completa dei requisiti di cui all\u2019art. 64, debitamente legalizzata e tradotta (<a href=\"https:\/\/ambbelgrado.esteri.it\/ambasciata_Belgrado\/it\/informazioni_e_servizi\/servizi_consolari\/traduzione-e-legalizzazione-dei.html\">traduzione e legalizzazione<\/a>)<\/p>\n","protected":false},"excerpt":{"rendered":"Le sentenze straniere, munite di legalizzazione e traduzione in italiano, possono essere presentate per la trascrizione in Italia: \u2022 al Comune italiano, direttamente dall\u2019interessato; \u2022 oppure al Consolato italiano nella cui circoscrizione \u00e8 stata emessa la sentenza. Per richiedere la trascrizione \u00e8 necessario esibire un documento di identit\u00e0 in corso di validit\u00e0 e produrre: \u2022 [&hellip;]","protected":false},"author":5,"featured_media":0,"parent":68,"menu_order":11,"comment_status":"closed","ping_status":"closed","template":"","meta":{"footnotes":""},"class_list":["post-583","page","type-page","status-publish","hentry"],"_links":{"self":[{"href":"https:\/\/ambbelgrado.esteri.it\/it\/wp-json\/wp\/v2\/pages\/583","targetHints":{"allow":["GET"]}}],"collection":[{"href":"https:\/\/ambbelgrado.esteri.it\/it\/wp-json\/wp\/v2\/pages"}],"about":[{"href":"https:\/\/ambbelgrado.esteri.it\/it\/wp-json\/wp\/v2\/types\/page"}],"author":[{"embeddable":true,"href":"https:\/\/ambbelgrado.esteri.it\/it\/wp-json\/wp\/v2\/users\/5"}],"replies":[{"embeddable":true,"href":"https:\/\/ambbelgrado.esteri.it\/it\/wp-json\/wp\/v2\/comments?post=583"}],"version-history":[{"count":2,"href":"https:\/\/ambbelgrado.esteri.it\/it\/wp-json\/wp\/v2\/pages\/583\/revisions"}],"predecessor-version":[{"id":778,"href":"https:\/\/ambbelgrado.esteri.it\/it\/wp-json\/wp\/v2\/pages\/583\/revisions\/778"}],"up":[{"embeddable":true,"href":"https:\/\/ambbelgrado.esteri.it\/it\/wp-json\/wp\/v2\/pages\/68"}],"wp:attachment":[{"href":"https:\/\/ambbelgrado.esteri.it\/it\/wp-json\/wp\/v2\/media?parent=583"}],"curies":[{"name":"wp","href":"https:\/\/api.w.org\/{rel}","templated":true}]}}