{"id":514,"date":"2023-10-23T17:12:01","date_gmt":"2023-10-23T15:12:01","guid":{"rendered":"https:\/\/ambbelgrado.esteri.it\/?page_id=514"},"modified":"2025-07-07T12:58:50","modified_gmt":"2025-07-07T10:58:50","slug":"cittadinanza-per-riacquisto","status":"publish","type":"page","link":"https:\/\/ambbelgrado.esteri.it\/it\/servizi-consolari-e-visti\/servizi-per-il-cittadino-straniero\/cittadinanza\/cittadinanza-per-riacquisto\/","title":{"rendered":"Cittadinanza per riacquisto"},"content":{"rendered":"<div>\n<p>I cittadini italiani nati in Italia che hanno acquistato una cittadinanza straniera prima del 16 agosto 1992 hanno perso la cittadinanza italiana.<br \/>\nPossono riacquistarla, senza perdere quella attualmente posseduta,sulla base della residenza in Italia:<\/p>\n<p>1) automaticamente dopo un anno dalla data in cui \u00e8 stata stabilita la residenza nel territorio della Repubblica.<\/p>\n<p>2) con dichiarazione resa:<br \/>\n\u2022 direttamente al Comune di residenza in Italia;<br \/>\n\u2022 o in alternativa presso l\u2019Autorit\u00e0 Consolare italiana e stabilendo, entro un anno dalla dichiarazione, la propria residenza in Italia.<\/p>\n<p>Prima di recarsi in Italia, la perdita della cittadinanza italiana deve essere comunicata al Comune tramite questa Ambasciata presentando di persona o per posta la seguente documentazione:<br \/>\n\u2022 certificato di naturalizzazione, legalizzato tramite Apostille e tradotto in italiano<br \/>\n\u2022 estratto per riassunto dell\u2019atto di nascita<br \/>\n\u2022 passaporto<\/p>\n<p>Una volta in possesso di tutta la suddetta documentazione si prega di richiedere un appuntamento inviando una email a: consolare.belgrado@esteri.it .<\/p>\n<p>In Italia l\u2019interessato dovr\u00e0 chiedere alla Questura competente il rilascio di un apposito permesso di soggiorno che abbia come motivazione il riacquisto della cittadinanza italiana. Ottenuto il permesso di soggiorno sar\u00e0 possibile chiedere e ottenere l\u2019iscrizione anagrafica presso il Comune prescelto.<\/p>\n<p>***<\/p>\n<p>La legge n. 74 del 23 maggio 2025 ha riaperto i termini per il riacquisto della cittadinanza a favore di ex cittadini\u00a0<strong>nati in Italia\u00a0o che sono stati\u00a0residenti in Italia\u00a0per almeno due anni continuativi e che abbiano perso la cittadinanza non oltre il 15 agosto 1992\u00a0<\/strong>in applicazione dell\u2019articolo 8, n. 1 e n. 2, o dell\u2019articolo 12 della legge n. 555 del 1912 (naturalizzazione in Paese straniero, rinuncia alla cittadinanza a seguito di involontario acquisto di cittadinanza straniera, figli minori conviventi di genitore che ha perso la cittadinanza). La possibilit\u00e0 di riacquisto\u00a0<strong>non si applica a coloro che hanno rinunciato alla cittadinanza italiana\u00a0<\/strong>(o che l\u2019hanno persa per altro motivo)\u00a0<strong>a partire dal 16 agosto 1992<\/strong>.<\/p>\n<p>Le dichiarazioni di riacquisto potranno essere presentate\u00a0<strong>tra il 1\u00b0 luglio 2025 e il 31 dicembre 2027<\/strong>.<\/p>\n<p>L\u2019interessato al riacquisto deve presentare:<\/p>\n<ol>\n<li>Valido documento di identit\u00e0 emesso dall\u2019Autorit\u00e0 del Paese di attuale cittadinanza;<\/li>\n<li>Certificato di nascita: se nato all\u2019estero, dovr\u00e0 essere presentato nelle forme previste per la trascrizione in Italia, legalizzato e tradotto;<\/li>\n<li>Per i nati all\u2019estero, certificato storico di residenza rilasciato dal Comune italiano competente;<\/li>\n<li>Certificato storico di cittadinanza;<\/li>\n<li>Documentazione che dimostri la causa e la data della perdita della cittadinanza (si dovr\u00e0 dimostrare l\u2019acquisto della cittadinanza straniera e, nei casi previsti, la rinuncia a quella italiana: <strong>certificato di naturalizzazione<\/strong> oppure, se previsto dalla prassi locale, certificato di nascita corredato della certificazione di cittadinanza e del titolo al quale essa \u00e8 acquisita; la documentazione emessa da Autorit\u00e0 straniere dovr\u00e0 essere opportunamente legalizzata e tradotta).<\/li>\n<\/ol>\n<p>Per le dichiarazioni di riacquisto della cittadinanza italiana \u00e8 richiesto un contributo di \u20ac250, versato esclusivamente in contanti presso l\u2019Ufficio consolare.<\/p>\n<p>La dichiarazione deve essere resa dall\u2019interessato <u>personalmente<\/u>.<\/p>\n<p>In base all\u2019articolo 15 della legge n. 91\/1992, l\u2019interessato non riacquista la cittadinanza dal giorno della nascita, ma dal giorno successivo in cui si rende la dichiarazione.<\/p>\n<\/div>\n","protected":false},"excerpt":{"rendered":"I cittadini italiani nati in Italia che hanno acquistato una cittadinanza straniera prima del 16 agosto 1992 hanno perso la cittadinanza italiana. Possono riacquistarla, senza perdere quella attualmente posseduta,sulla base della residenza in Italia: 1) automaticamente dopo un anno dalla data in cui \u00e8 stata stabilita la residenza nel territorio della Repubblica. 2) con dichiarazione [&hellip;]","protected":false},"author":5,"featured_media":0,"parent":90,"menu_order":15,"comment_status":"closed","ping_status":"closed","template":"","meta":{"footnotes":""},"class_list":["post-514","page","type-page","status-publish","hentry"],"_links":{"self":[{"href":"https:\/\/ambbelgrado.esteri.it\/it\/wp-json\/wp\/v2\/pages\/514","targetHints":{"allow":["GET"]}}],"collection":[{"href":"https:\/\/ambbelgrado.esteri.it\/it\/wp-json\/wp\/v2\/pages"}],"about":[{"href":"https:\/\/ambbelgrado.esteri.it\/it\/wp-json\/wp\/v2\/types\/page"}],"author":[{"embeddable":true,"href":"https:\/\/ambbelgrado.esteri.it\/it\/wp-json\/wp\/v2\/users\/5"}],"replies":[{"embeddable":true,"href":"https:\/\/ambbelgrado.esteri.it\/it\/wp-json\/wp\/v2\/comments?post=514"}],"version-history":[{"count":2,"href":"https:\/\/ambbelgrado.esteri.it\/it\/wp-json\/wp\/v2\/pages\/514\/revisions"}],"predecessor-version":[{"id":13237,"href":"https:\/\/ambbelgrado.esteri.it\/it\/wp-json\/wp\/v2\/pages\/514\/revisions\/13237"}],"up":[{"embeddable":true,"href":"https:\/\/ambbelgrado.esteri.it\/it\/wp-json\/wp\/v2\/pages\/90"}],"wp:attachment":[{"href":"https:\/\/ambbelgrado.esteri.it\/it\/wp-json\/wp\/v2\/media?parent=514"}],"curies":[{"name":"wp","href":"https:\/\/api.w.org\/{rel}","templated":true}]}}