{"id":49,"date":"2023-04-11T18:13:11","date_gmt":"2023-04-11T16:13:11","guid":{"rendered":"https:\/\/ambasciatapraga.esteri.it\/?page_id=49"},"modified":"2026-02-19T12:33:53","modified_gmt":"2026-02-19T11:33:53","slug":"passaporti-e-carte-didentita","status":"publish","type":"page","link":"https:\/\/ambbelgrado.esteri.it\/it\/servizi-consolari-e-visti\/servizi-per-il-cittadino-italiano\/passaporti-e-carte-didentita\/","title":{"rendered":"Passaporti e Carte d\u2019identit\u00e0"},"content":{"rendered":"<div>\n<h4>PASSAPORTO<\/h4>\n<p>Il passaporto \u00e8 un documento di viaggio e riconoscimento. Il suo rilascio \u00e8 di competenza dell\u2019Ufficio Passaporti della Circoscrizione Consolare in cui il cittadino italiano \u00e8 residente.<br \/>\nPer risiedere e viaggiare nei Paesi dell&#8217;Unione Europea \u00e8 sufficiente la carta d&#8217;identit\u00e0 valida per l&#8217;espatrio. (<a href=\"https:\/\/ambbelgrado.esteri.it\/wp-content\/uploads\/2023\/11\/carta_didentita.docx\">Clicca qui<\/a> per l\u2019elenco dei Paesi in cui ci si puo\u2019 recare con la carta d\u2019identita\u2019). E&#8217; tuttavia sempre consigliabile avere un passaporto oltre a una carta d&#8217;identit\u00e0 valida.<\/p>\n<p><strong>Attenzione:<\/strong> L\u2019articolo 104 del DL 17 marzo 2020, n. 18 stabilisce che \u201cLa validit\u00e0 ad ogni effetto dei <strong>documenti di riconoscimento e di identit\u00e0<\/strong> scaduti o in scadenza successivamente alla data di entrata in vigore del presente decreto \u00e8 prorogata al 31 agosto 2020. La validit\u00e0 ai fini dell&#8217;espatrio resta limitata alla data di scadenza indicata nel documento&#8221;.<\/p>\n<p>\u2022 <a href=\"https:\/\/ambbelgrado.esteri.it\/it\/servizi-consolari-e-visti\/servizi-per-il-cittadino-italiano\/passaporti-e-carte-didentita\/passaporto-biometrico\/\">Passaporto biometrico<\/a><br \/>\n\u2022 <a href=\"https:\/\/ambbelgrado.esteri.it\/it\/servizi-consolari-e-visti\/servizi-per-il-cittadino-italiano\/passaporti-e-carte-didentita\/costo-del-passaporto\/\">Costo del Passaporto<\/a><br \/>\n\u2022 <a href=\"https:\/\/ambbelgrado.esteri.it\/it\/servizi-consolari-e-visti\/servizi-per-il-cittadino-italiano\/passaporti-e-carte-didentita\/appuntamento-per-il-rilascio-del-passaporto\/\">Appuntamento per il rilascio del passaporto<\/a><br \/>\n\u2022 <a href=\"https:\/\/ambbelgrado.esteri.it\/it\/servizi-consolari-e-visti\/servizi-per-il-cittadino-italiano\/passaporti-e-carte-didentita\/documenti-da-presentare-allappuntamento-per-richiedenti-maggiorenni\/\">Documenti da presentare all\u2019appuntamento per Richiedenti MAGGIORENNI<\/a><br \/>\n\u2022 <a href=\"https:\/\/ambbelgrado.esteri.it\/it\/servizi-consolari-e-visti\/servizi-per-il-cittadino-italiano\/passaporti-e-carte-didentita\/documenti-da-presentare-allappuntamento-per-richiedenti-minorenni\/\">Documenti da presentare all\u2019appuntamento per Richiedenti MINORENNI<\/a><br \/>\n\u2022 <a href=\"https:\/\/ambbelgrado.esteri.it\/it\/servizi-consolari-e-visti\/servizi-per-il-cittadino-italiano\/passaporti-e-carte-didentita\/restituzione-passaporti-rubati-o-smarriti\/\">RESTITUZIONE PASSAPORTI RUBATI O SMARRITI<\/a><\/p>\n<h3><\/h3>\n<h3><\/h3>\n<h4 class=\"boxLevel03\"><strong>CARTA D\u2019IDENTITA\u2019 ELETTRONICA<\/strong><\/h4>\n<p>A partire dal 5 ottobre 2023 sar\u00e0 possibile richiedere la Carta d\u2019identit\u00e0 elettronica (CIE) presso l\u2019Ambasciata d\u2019Italia a Belgrado.<\/p>\n<p>Il cittadino iscritto all\u2019Anagrafe degli Italiani Residenti all\u2019Estero (AIRE) \u2013 a decorrere dal 1\u00b0 giugno 2026 \u2013 avr\u00e0 la possibilit\u00e0 di presentare domanda per il rilascio della carta d&#8217;identit\u00e0 elettronica presso qualsiasi Comune italiano. La carta d\u2019identit\u00e0 sar\u00e0 consegnata con le medesime modalit\u00e0 previste in caso di domanda presentata tramite l\u2019Ufficio consolare, con facolt\u00e0 per l\u2019interessato di ritirarla personalmente presso il Comune ovvero di richiederne la spedizione all\u2019estero.<\/p>\n<p>La nuova Carta di identit\u00e0 Elettronica \u00e8 un documento multifunzionale: attesta l\u2019identit\u00e0 del cittadino, \u00e8 un documento di viaggio, riporta il codice fiscale e si pu\u00f2 utilizzare per richiedere un\u2019identit\u00e0 sul sistema <a href=\"https:\/\/www.esteri.it\/it\/servizi-consolari-e-visti\/italiani-all-estero\/spid\/\">SPID<\/a> (Sistema Pubblico di Identit\u00e0 Digitale) con cui accedere ai Servizi erogati dalle Pubbliche Amministrazioni Italiane.<\/p>\n<p>La carta d\u2019identit\u00e0 elettronica equivale al passaporto ai fini dell\u2019espatrio negli Stati membri dell\u2019Unione europea, negli Stati dello Spazio Schengen (UE + Islanda, Norvegia, Svizzera, Liechtenstein) e in quelli in cui vigono particolari accordi internazionali. Al riguardo, per ulteriori e pi\u00f9 dettagliate informazioni, \u00e8 possibile consultare il sito: <a href=\"https:\/\/www.viaggiaresicuri.it\/approfondimenti-insights\/documentidiviaggio\">https:\/\/www.viaggiaresicuri.it\/approfondimenti-insights\/documentidiviaggio<\/a><\/p>\n<p>&nbsp;<\/p>\n<p><strong>REQUISITI OBBLIGATORI PER RICHIEDERE LA CARTA D\u2019IDENTITA\u2019 ELETTRONICA<\/strong>:<\/p>\n<p>Ai fini dell\u2019emissione della CIE \u00e8 indispensabile che il richiedente:<\/p>\n<p>Sia cittadino italiano iscritto all\u2019AIRE e il suo nominativo sia inserito nell\u2019apposito applicativo da parte del comune italiano di riferimento;abbia l\u2019atto di nascita trascritto in Italia, in quanto gli estremi della trascrizione devono essere riportati sulla CIE; abbia il Codice Fiscale validato da parte dell\u2019Agenzia delle Entrate e del comune italiano di riferimento. Per chi non \u00e8 in possesso del Codice fiscale sar\u00e0 cura dell\u2019ufficio consolare richiederlo d\u2019ufficio;<\/p>\n<p><strong>Chi non \u00e8 registrato all\u2019A.I.R.E. dovr\u00e0 prima regolarizzare la propria iscrizione anagrafica tramite il portale <a href=\"https:\/\/serviziconsolarionline.esteri.it\/ScoFE\/index.sco\">FAST IT<\/a> <\/strong>ed attendere, prima di poter far domanda, di essere inserito in tale registro da parte del Comune italiano competente (per i cittadini non iscritti all\u2019A.I.R.E., la competenza al rilascio della carta d\u2019identit\u00e0 rimane al Comune di residenza).<\/p>\n<p><strong>Nel caso si sia cambiato indirizzo di residenza (rispetto a quello comunicato all\u2019Ufficio consolare), \u00e8 necessario chiedere la variazione di indirizzo tramite il portale <a href=\"https:\/\/serviziconsolarionline.esteri.it\/ScoFE\/index.sco\">FAST IT<\/a>.<\/strong><\/p>\n<p>&nbsp;<\/p>\n<p><strong>VALIDITA\u2019 DELLA CARTA D\u2019IDENTITA\u2019 ELETTRONICA<\/strong>:<\/p>\n<p>La validit\u00e0 della CIE varia a seconda all\u2019et\u00e0 del titolare:<\/p>\n<p>\u2013 3 anni per minori di et\u00e0 inferiore a 3 anni;<br \/>\n\u2013 5 anni per i minori di et\u00e0 compresa tra i 3 e i 18 anni;<br \/>\n\u2013 10 anni per i maggiorenni.<\/p>\n<p>&nbsp;<\/p>\n<p><strong>COME OTTENERE LA C.I.E.<\/strong><\/p>\n<p>Per la richiesta dell\u2019emissione della C.I.E. occorre inviare una e-mail a: <a href=\"mailto:belgrado.cie@esteri.it\">belgrado.cie@esteri.it<\/a> , allegando il modulo compilato (clicca <a href=\"https:\/\/ambbelgrado.esteri.it\/wp-content\/uploads\/2023\/11\/domanda_di_rilascio_carta_didentita.doc\"><strong>qui<\/strong><\/a> per scaricare il modulo &#8211; clicca <a href=\"https:\/\/ambbelgrado.esteri.it\/wp-content\/uploads\/2024\/03\/FORMULARIE-CIE-MINORENNI.docx\"><strong>qui<\/strong><\/a> per scaricare il modulo per minorenni). I richiedenti saranno successivamente convocati tramite e-mail per l\u2019acquisizione dei dati biometrici.<\/p>\n<p>N.B. Dal momento della richiesta al ricevimento della mail di convocazione per l\u2019acquisizione dei dati biometrici, trascorrono <strong>almeno 20 giorni<\/strong>, necessari per consentire all\u2019Ufficio Consolare di effettuare il controllo dei dati anagrafici, risolvere eventuali disallineamenti e verificare che non sussistano cause ostative al rilascio del documento.<\/p>\n<p><strong>La presenza del richiedente e\/o del titolare della carta richiesta \u00e8 obbligatoria.<\/strong><\/p>\n<p>&nbsp;<\/p>\n<p>D<strong>OCUMENTAZIONE RICHIESTA:<\/strong><\/p>\n<p>\u2013 Una fototessera a norma biometrica; (clicca <a href=\"https:\/\/ambbelgrado.esteri.it\/wp-content\/uploads\/2023\/11\/foto_tessera_biometrica.docx\"><strong>qui<\/strong><\/a> per le caratteristiche della foto)<\/p>\n<p>\u2013 Precedente carta di identit\u00e0 (anche se scaduta);<\/p>\n<p>\u2013 Documento di riconoscimento (anche se scaduto)<\/p>\n<p>\u2013 Atto di assenso di entrambi genitori nel caso in cui il richiedente sia un minore di 18 anni (clicca <a href=\"https:\/\/ambbelgrado.esteri.it\/wp-content\/uploads\/2023\/11\/assenso_altro_genitore_x_minore_-_con_laggiunta_di_cie_ita-ser.doc\"><strong>qui<\/strong><\/a> per atto di assenso)<\/p>\n<p>&nbsp;<\/p>\n<p><strong>COSTO<\/strong><\/p>\n<p>Il costo della CIE \u00e8 di:<\/p>\n<p>\u2013 Euro 21,95 in caso di primo rilascio o rinnovo;<br \/>\n\u2013 Euro 27,11 in caso di duplicato (nuova carta emessa prima di 180 giorni dalla scadenza della precedente per furto, smarrimento o deterioramento)<\/p>\n<p>Per le donne coniugate: inserire le generalit\u00e0 anagrafiche da nubile.<\/p>\n<p>Sulla Carta d\u2019identit\u00e0 elettronica non \u00e8 indicato lo stato civile del titolare e, per le donne coniugate, NON pu\u00f2 essere indicato il nome del coniuge.<\/p>\n<p>La CIE <strong>non<\/strong> viene rilasciata a vista il giorno dell\u2019appuntamento ma viene prodotta dall\u2019Istituto Poligrafico e Zecca dello Stato di Roma e successivamente spedita dall\u2019Italia, a mezzo posta, presso l\u2019indirizzo di residenza (o recapito) dichiarato dal richiedente.<\/p>\n<p>L\u2019interessato potr\u00e0 verificare il tracciamento della spedizione sul sito di Poste italiane <a href=\"https:\/\/www.poste.it\/prodotti\/raccomandata.html\">https:\/\/www.poste.it\/prodotti\/raccomandata.html<\/a> : cliccare su \u201cCerca spedizioni\u201d e inserire il numero di raccomandata fornito il giorno dell\u2019appuntamento.<\/p>\n<p>Si invitano i connazionali che hanno richiesto la CIE ad accertarsi che il proprio cognome di nascita appaia sulla buca delle lettere (cognome da nubile per le donne sposate).<\/p>\n<p>In caso di mancata consegna per indirizzo errato, al termine del previsto periodo di giacenza presso l\u2019ufficio postale locale, il plico viene restituito all\u2019Ambasciata per ulteriori tentativi di consegna.<\/p>\n<p>&nbsp;<\/p>\n<p>Clicca qui per consultare le <a href=\"https:\/\/ambbelgrado.esteri.it\/wp-content\/uploads\/2023\/11\/faq_cie.docx\"><strong>FAQ<\/strong><\/a><\/p>\n<\/div>\n","protected":false},"excerpt":{"rendered":"PASSAPORTO Il passaporto \u00e8 un documento di viaggio e riconoscimento. Il suo rilascio \u00e8 di competenza dell\u2019Ufficio Passaporti della Circoscrizione Consolare in cui il cittadino italiano \u00e8 residente. Per risiedere e viaggiare nei Paesi dell&#8217;Unione Europea \u00e8 sufficiente la carta d&#8217;identit\u00e0 valida per l&#8217;espatrio. (Clicca qui per l\u2019elenco dei Paesi in cui ci si puo\u2019 [&hellip;]","protected":false},"author":1,"featured_media":0,"parent":47,"menu_order":0,"comment_status":"closed","ping_status":"closed","template":"","meta":{"footnotes":""},"class_list":["post-49","page","type-page","status-publish","hentry"],"_links":{"self":[{"href":"https:\/\/ambbelgrado.esteri.it\/it\/wp-json\/wp\/v2\/pages\/49","targetHints":{"allow":["GET"]}}],"collection":[{"href":"https:\/\/ambbelgrado.esteri.it\/it\/wp-json\/wp\/v2\/pages"}],"about":[{"href":"https:\/\/ambbelgrado.esteri.it\/it\/wp-json\/wp\/v2\/types\/page"}],"author":[{"embeddable":true,"href":"https:\/\/ambbelgrado.esteri.it\/it\/wp-json\/wp\/v2\/users\/1"}],"replies":[{"embeddable":true,"href":"https:\/\/ambbelgrado.esteri.it\/it\/wp-json\/wp\/v2\/comments?post=49"}],"version-history":[{"count":6,"href":"https:\/\/ambbelgrado.esteri.it\/it\/wp-json\/wp\/v2\/pages\/49\/revisions"}],"predecessor-version":[{"id":14667,"href":"https:\/\/ambbelgrado.esteri.it\/it\/wp-json\/wp\/v2\/pages\/49\/revisions\/14667"}],"up":[{"embeddable":true,"href":"https:\/\/ambbelgrado.esteri.it\/it\/wp-json\/wp\/v2\/pages\/47"}],"wp:attachment":[{"href":"https:\/\/ambbelgrado.esteri.it\/it\/wp-json\/wp\/v2\/media?parent=49"}],"curies":[{"name":"wp","href":"https:\/\/api.w.org\/{rel}","templated":true}]}}