{"id":471,"date":"2023-10-23T16:43:41","date_gmt":"2023-10-23T14:43:41","guid":{"rendered":"https:\/\/ambbelgrado.esteri.it\/?page_id=471"},"modified":"2024-07-03T13:23:27","modified_gmt":"2024-07-03T11:23:27","slug":"assistenza-economica","status":"publish","type":"page","link":"https:\/\/ambbelgrado.esteri.it\/it\/servizi-consolari-e-visti\/servizi-per-il-cittadino-italiano\/assistenza-ai-cittadini-allestero\/assistenza-economica\/","title":{"rendered":"Assistenza economica"},"content":{"rendered":"<div>\n<p>L\u2019Ufficio consolare pu\u00f2, compatibilmente con i fondi disponibili iscritti a bilancio, erogare al <strong>cittadino italiano residente stabilmente nella propria circoscrizione consolare<\/strong> e che si trovi in situazione di comprovata necessit\u00e0, un <strong>sussidio avente carattere di assoluta eccezionalit\u00e0<\/strong>.<\/p>\n<p>Al <strong>cittadino italiano residente in Italia o in altra circoscrizione consolare<\/strong>, che si trovi ad affrontare difficolt\u00e0 economiche impreviste <strong>e che non possa avvalersi dell\u2019aiuto di familiari o terze persone<\/strong> (per esempio attraverso societ\u00e0 abilitate al trasferimento di contanti), pu\u00f2 essere concesso un <strong>prestito<\/strong>, che l\u2019interessato si impegna a restituire all\u2019Erario.<\/p>\n<p>&nbsp;<\/p>\n<header class=\"entry-header\">\n<h3 class=\"entry-title h3\">PRESTITI CON PROMESSA DI RESTITUZIONE \u2013 CAMBIAMENTO MODALITA\u2019 DI RIMBORSO<\/h3>\n<\/header>\n<div class=\"entry-content\">\n<p>In ottemperanza all\u2019obbligo di adesione alla Piattaforma Incassi, <strong>dal 30 giugno 2024 le modalit\u00e0 di rimborso dei prestiti con promessa di restituzione<\/strong> concessi ai sensi dell\u2019art. 24, comma 2, del D. Lgs n.71 del 3 febbraio 2011<strong> sono cambiate<\/strong>.<\/p>\n<p>\u00c8 ora possibile restituire i prestiti concessi <strong>esclusivamente attraverso le seguenti modalit\u00e0<\/strong>:<\/p>\n<p>a)\u00a0\u00a0 presso gli Uffici Postali, rivolgendosi all\u2019operatore di sportello;<\/p>\n<p>b)\u00a0\u00a0 tramite il sito <a href=\"http:\/\/www.poste.it\">poste.it<\/a>;<\/p>\n<p>c)\u00a0\u00a0\u00a0 presso l\u2019Ufficio Consolare che ha concesso il prestito oppure, all\u2019occasione, presso un qualsiasi altro Ufficio Consolare.<\/p>\n<p>Cliccando <a href=\"https:\/\/ambbelgrado.esteri.it\/wp-content\/uploads\/2024\/07\/ALL-AL-MESS-70977-A-A01_5385457Istruzioni-modalita-di-pagamento.pdf\"><strong>qui<\/strong><\/a> si troveranno le istruzioni dettagliate su come effettuare il rimborso tramite le Poste italiane.<\/p>\n<p>Per ogni ulteriore chiarimento si potr\u00e0 contattare l\u2019Ufficio I della Direzione Generale per gli italiani all\u2019estero e le politiche migratorie al seguente indirizzo di posta elettronica: <a class=\"focus--mouse\" href=\"mailto:dgit-01@esteri.it\" data-focus-mouse=\"true\">dgit-01@esteri.it<\/a> .<\/p>\n<\/div>\n<\/div>\n","protected":false},"excerpt":{"rendered":"L\u2019Ufficio consolare pu\u00f2, compatibilmente con i fondi disponibili iscritti a bilancio, erogare al cittadino italiano residente stabilmente nella propria circoscrizione consolare e che si trovi in situazione di comprovata necessit\u00e0, un sussidio avente carattere di assoluta eccezionalit\u00e0. Al cittadino italiano residente in Italia o in altra circoscrizione consolare, che si trovi ad affrontare difficolt\u00e0 economiche [&hellip;]","protected":false},"author":5,"featured_media":0,"parent":69,"menu_order":5,"comment_status":"closed","ping_status":"closed","template":"","meta":{"footnotes":""},"class_list":["post-471","page","type-page","status-publish","hentry"],"_links":{"self":[{"href":"https:\/\/ambbelgrado.esteri.it\/it\/wp-json\/wp\/v2\/pages\/471","targetHints":{"allow":["GET"]}}],"collection":[{"href":"https:\/\/ambbelgrado.esteri.it\/it\/wp-json\/wp\/v2\/pages"}],"about":[{"href":"https:\/\/ambbelgrado.esteri.it\/it\/wp-json\/wp\/v2\/types\/page"}],"author":[{"embeddable":true,"href":"https:\/\/ambbelgrado.esteri.it\/it\/wp-json\/wp\/v2\/users\/5"}],"replies":[{"embeddable":true,"href":"https:\/\/ambbelgrado.esteri.it\/it\/wp-json\/wp\/v2\/comments?post=471"}],"version-history":[{"count":2,"href":"https:\/\/ambbelgrado.esteri.it\/it\/wp-json\/wp\/v2\/pages\/471\/revisions"}],"predecessor-version":[{"id":10745,"href":"https:\/\/ambbelgrado.esteri.it\/it\/wp-json\/wp\/v2\/pages\/471\/revisions\/10745"}],"up":[{"embeddable":true,"href":"https:\/\/ambbelgrado.esteri.it\/it\/wp-json\/wp\/v2\/pages\/69"}],"wp:attachment":[{"href":"https:\/\/ambbelgrado.esteri.it\/it\/wp-json\/wp\/v2\/media?parent=471"}],"curies":[{"name":"wp","href":"https:\/\/api.w.org\/{rel}","templated":true}]}}