{"id":44,"date":"2023-04-11T18:10:45","date_gmt":"2023-04-11T16:10:45","guid":{"rendered":"https:\/\/ambasciatapraga.esteri.it\/?page_id=44"},"modified":"2023-10-03T15:44:58","modified_gmt":"2023-10-03T13:44:58","slug":"diplomazia-culturale","status":"publish","type":"page","link":"https:\/\/ambbelgrado.esteri.it\/it\/italia-e-serbia\/diplomazia-culturale\/","title":{"rendered":"Diplomazia culturale"},"content":{"rendered":"<p>Con l\u2019apertura di <strong>Palazzo Italia<\/strong> nel 2006, nuova sede dell\u2019Istituto Italiano di Cultura, la promozione culturale italiana in Serbia \u00e8 entrata in una nuova fase, nella quale l\u2019ambizione \u00e8 quella di offrire dei servizi e delle manifestazioni di sempre pi\u00f9 alto livello. Palazzo Italia \u00e8 diventata la \u201cvetrina\u201d dell\u2019Italia in Serbia ed \u00e8 un centro di servizi e di informazione a disposizione del pubblico.<\/p>\n<p>L\u2019Ambasciata d\u2019Italia, di concerto con l\u2019Istituto Italiano di Cultura, <strong>promuove l\u2019insegnamento e la diffusione dell\u2019italiano, a tutti i livelli<\/strong>:<\/p>\n<p>Nel settore universitario <strong>incentiva la nascita e l\u2019attivit\u00e0 dei dipartimenti di italianistica<\/strong> presso i maggiori atenei serbi. A Belgrado, dove \u00e8 presente un lettorato di ruolo presso il Dipartimento di Italianistica della Facolt\u00e0 di Filologia, si contano oltre cinquecento studenti di italianistica. All\u2019Universit\u00e0 di Novi Sad si \u00e8 recentemente costituito il Dipartimento di Studi Italiani ed Iberoamericani presso la Facolt\u00e0 di Lettere e Filosofia e a partire dall\u2019anno accademico 2022-2023 \u00e8 previsto l\u2019avvio di 22 nuovi corsi relativi all\u2019italianistica. Nel 2009 l&#8217;insegnamento dell&#8217;italiano \u00e8 stato introdotto anche presso l&#8217;Universit\u00e0 di Kragujevac, dove nel 2013 \u00e8 stato istituito il Dipartimento di Italianistica presso la Facolt\u00e0 di Filologia e delle Arti.<\/p>\n<p>Nel settore della scuola secondaria media e superiore sono stati conseguiti notevoli progressi, come testimoniato dal fatto che <strong>l\u2019italiano \u00e8 stato inserito, nei programmi didattici delle scuole primarie e secondarie, tra le principali lingue d\u2019insegnamento.<\/strong> Una menzione a parte merita poi la Sezione Bilingue italo &#8211; serba presso il prestigioso Terzo Liceo di Belgrado, che riceve oramai un numero di domande di iscrizione doppio rispetto ai posti disponibili.<\/p>\n<p>Nel settore dei <strong>corsi di lingua<\/strong> organizzati dall\u2019Istituto Italiano di Cultura, bisogna segnalare una costante crescita delle iscrizioni, giunte a pi\u00f9 di ottocento. Tutti i corsi sono organizzati tenendo conto del Quadro Comune Europeo di Riferimento per le lingue e sono suddivisi in livelli (da A1 a C2). Maggiori informazioni riguardo alla tipologia dei corsi proposti sono reperibili al seguente link:<\/p>\n<p><a href=\"https:\/\/iicbelgrado.esteri.it\/iic_belgrado\/it\/imparare_italiano\/i_corsi_di_lingua\/calendario\/\">https:\/\/iicbelgrado.esteri.it\/iic_belgrado\/it\/imparare_italiano\/i_corsi_di_lingua\/calendario\/<\/a><\/p>\n<p>&nbsp;<\/p>\n<p><strong>L\u2019Istituto Italiano di Cultura<\/p>\n<p><\/strong><\/p>\n<p>&#8211; <strong>incentiva l\u2019attivit\u00e0 di formazione degli insegnanti<\/strong>. in cooperazione con le istituzioni locali. I corsi vengono organizzati continuativamente dal 2001 e insistono fortemente sui nuovi approcci didattici utilizzati in Italia per l\u2019insegnamento delle lingue.<\/p>\n<p>&#8211; <strong>assegna borse di studio<\/strong> finanziate dal Governo italiano a studenti e ricercatori stranieri e italiani residenti all\u2019estero per svolgere programmi di studio, formazione e\/o ricerca presso Istituzioni italiane statali o legalmente riconosciute. Il bando per l\u2019assegnazione delle borse di studio viene pubblicato ogni anno sul portale <a href=\"https:\/\/studyinitaly.esteri.it\/en\/home_borse\">Study in Italy<\/a>, dove sono reperibili inoltre maggiori informazioni riguardanti il sistema italiano di educazione superiore.<\/p>\n<p>&#8211; <strong>contribuisce a progetti editoriali di traduzione<\/strong>, finanziati dal Ministero degli Affari Esteri e della Cooperazione Internazionale italiano, di opere italiane in lingua serba, con l\u2019obiettivo di intensificare lo scambio di idee tra Italia e la Serbia.<\/p>\n<p>&#8211; <strong>patrocina e promuove molti dei numerosi eventi culturali organizzati dall\u2019<a href=\"https:\/\/iicbelgrado.esteri.it\/iic_belgrado\/it\">Istituto Italiano di Cultura<\/a><\/strong>.<\/p>\n<p>Numerose iniziative vengono inoltre organizzate ogni anno in occasione della Settimana della Lingua italiana nel Mondo, della Settimana della Cucina Italiana nel Mondo, della Giornata Italiana del Design.<\/p>\n<p>Per rimanere aggiornati rispetto alle attivit\u00e0 dell\u2019Istituto \u00e8 possibile iscriversi alla <a href=\"https:\/\/iicbelgrado.esteri.it\/iic_belgrado\/it\/istituto\/newsletter_0.html\">newsletter<\/a> e visita anche la Pagina <a href=\"https:\/\/www.facebook.com\/iicbelgrado\/\">Facebook<\/a>, <a href=\"https:\/\/www.instagram.com\/iicbelgrado\/\">Instagram<\/a>, <a href=\"https:\/\/twitter.com\/IICBelgrado\">Twitter<\/a>, il canale <a href=\"https:\/\/www.youtube.com\/channel\/UCZrgIyO3s5grE2QE-L8EwJA\">YouTube<\/a> la <a href=\"https:\/\/iicbelgrado.wordpress.com\/\">Rassegna Stampa<\/a> dell&#8217;IIC.<\/p>\n<p>La sezione dedicata alle manifestazioni culturali \u00e8 raggiungibile <a href=\"https:\/\/iicbelgrado.esteri.it\/iic_belgrado\/it\/gli_eventi\/\">qui<\/a>.<\/p>\n","protected":false},"excerpt":{"rendered":"Con l\u2019apertura di Palazzo Italia nel 2006, nuova sede dell\u2019Istituto Italiano di Cultura, la promozione culturale italiana in Serbia \u00e8 entrata in una nuova fase, nella quale l\u2019ambizione \u00e8 quella di offrire dei servizi e delle manifestazioni di sempre pi\u00f9 alto livello. Palazzo Italia \u00e8 diventata la \u201cvetrina\u201d dell\u2019Italia in Serbia ed \u00e8 un centro [&hellip;]","protected":false},"author":1,"featured_media":0,"parent":14,"menu_order":2,"comment_status":"closed","ping_status":"closed","template":"","meta":{"footnotes":""},"class_list":["post-44","page","type-page","status-publish","hentry"],"_links":{"self":[{"href":"https:\/\/ambbelgrado.esteri.it\/it\/wp-json\/wp\/v2\/pages\/44","targetHints":{"allow":["GET"]}}],"collection":[{"href":"https:\/\/ambbelgrado.esteri.it\/it\/wp-json\/wp\/v2\/pages"}],"about":[{"href":"https:\/\/ambbelgrado.esteri.it\/it\/wp-json\/wp\/v2\/types\/page"}],"author":[{"embeddable":true,"href":"https:\/\/ambbelgrado.esteri.it\/it\/wp-json\/wp\/v2\/users\/1"}],"replies":[{"embeddable":true,"href":"https:\/\/ambbelgrado.esteri.it\/it\/wp-json\/wp\/v2\/comments?post=44"}],"version-history":[{"count":2,"href":"https:\/\/ambbelgrado.esteri.it\/it\/wp-json\/wp\/v2\/pages\/44\/revisions"}],"predecessor-version":[{"id":292,"href":"https:\/\/ambbelgrado.esteri.it\/it\/wp-json\/wp\/v2\/pages\/44\/revisions\/292"}],"up":[{"embeddable":true,"href":"https:\/\/ambbelgrado.esteri.it\/it\/wp-json\/wp\/v2\/pages\/14"}],"wp:attachment":[{"href":"https:\/\/ambbelgrado.esteri.it\/it\/wp-json\/wp\/v2\/media?parent=44"}],"curies":[{"name":"wp","href":"https:\/\/api.w.org\/{rel}","templated":true}]}}