{"id":41,"date":"2023-04-11T18:07:19","date_gmt":"2023-04-11T16:07:19","guid":{"rendered":"https:\/\/ambasciatapraga.esteri.it\/?page_id=41"},"modified":"2023-11-20T11:02:19","modified_gmt":"2023-11-20T10:02:19","slug":"numeri-di-emergenza","status":"publish","type":"page","link":"https:\/\/ambbelgrado.esteri.it\/it\/chi-siamo\/numeri-di-emergenza\/","title":{"rendered":"Numeri di emergenza"},"content":{"rendered":"<p>&nbsp;<\/p>\n<p>L\u2019Ambasciata \u00e8 raggiungibile telefonicamente <strong>dal luned\u00ec al venerd\u00ec dalle 9:00 alle 19:00<\/strong> al numero +381 (0)11 3066100 oppure attraverso l\u2019indirizzo e-mail <a href=\"mailto:segret.belgrado@esteri.it\">segret.belgrado@esteri.it<\/a> .<\/p>\n<p><strong>Per i soli casi di reale e comprovata emergenza relativi a cittadini italiani (es. arresti, incidenti) fuori dagli orari di centralino chiamare il numero +381 (0)63 243652 (il numero NON fornisce informazioni generiche ne\u2019 sui servizi consolari ordinari).<\/strong><\/p>\n","protected":false},"excerpt":{"rendered":"&nbsp; L\u2019Ambasciata \u00e8 raggiungibile telefonicamente dal luned\u00ec al venerd\u00ec dalle 9:00 alle 19:00 al numero +381 (0)11 3066100 oppure attraverso l\u2019indirizzo e-mail segret.belgrado@esteri.it . Per i soli casi di reale e comprovata emergenza relativi a cittadini italiani (es. arresti, incidenti) fuori dagli orari di centralino chiamare il numero +381 (0)63 243652 (il numero NON fornisce [&hellip;]","protected":false},"author":1,"featured_media":0,"parent":13,"menu_order":6,"comment_status":"closed","ping_status":"closed","template":"","meta":{"footnotes":""},"class_list":["post-41","page","type-page","status-publish","hentry"],"_links":{"self":[{"href":"https:\/\/ambbelgrado.esteri.it\/it\/wp-json\/wp\/v2\/pages\/41","targetHints":{"allow":["GET"]}}],"collection":[{"href":"https:\/\/ambbelgrado.esteri.it\/it\/wp-json\/wp\/v2\/pages"}],"about":[{"href":"https:\/\/ambbelgrado.esteri.it\/it\/wp-json\/wp\/v2\/types\/page"}],"author":[{"embeddable":true,"href":"https:\/\/ambbelgrado.esteri.it\/it\/wp-json\/wp\/v2\/users\/1"}],"replies":[{"embeddable":true,"href":"https:\/\/ambbelgrado.esteri.it\/it\/wp-json\/wp\/v2\/comments?post=41"}],"version-history":[{"count":4,"href":"https:\/\/ambbelgrado.esteri.it\/it\/wp-json\/wp\/v2\/pages\/41\/revisions"}],"predecessor-version":[{"id":957,"href":"https:\/\/ambbelgrado.esteri.it\/it\/wp-json\/wp\/v2\/pages\/41\/revisions\/957"}],"up":[{"embeddable":true,"href":"https:\/\/ambbelgrado.esteri.it\/it\/wp-json\/wp\/v2\/pages\/13"}],"wp:attachment":[{"href":"https:\/\/ambbelgrado.esteri.it\/it\/wp-json\/wp\/v2\/media?parent=41"}],"curies":[{"name":"wp","href":"https:\/\/api.w.org\/{rel}","templated":true}]}}