{"id":40,"date":"2023-04-11T18:01:19","date_gmt":"2023-04-11T16:01:19","guid":{"rendered":"https:\/\/ambasciatapraga.esteri.it\/?page_id=40"},"modified":"2026-01-02T12:13:38","modified_gmt":"2026-01-02T11:13:38","slug":"gli-uffici","status":"publish","type":"page","link":"https:\/\/ambbelgrado.esteri.it\/it\/chi-siamo\/gli-uffici\/","title":{"rendered":"Gli Uffici"},"content":{"rendered":"<p><strong>AMBASCIATA D&#8217;ITALIA A BELGRADO<\/strong><\/p>\n<p>Bircaninova ulica 11 &#8211; 11000 Belgrado<br \/>\nTel +381.11.3066100 Fax +381.11.3249413<br \/>\ne-mail:\u00a0<a href=\"mailto:segret.belgrado@esteri.it\">segret.belgrado@esteri.it<\/a><br \/>\nPEC:\u00a0<a>amb.belgrado@cert.esteri.it\u00a0 &#8211;\u00a0<\/a>indirizzo abilitato esclusivamente alla ricezione di posta elettronica certificata (PEC)<\/p>\n<p><strong>Luca Gori<\/strong><br \/>\n<em>Ambasciatore<\/em><br \/>\n<a href=\"mailto:belgrado.segretamb@esteri.it\">belgrado.segramb@esteri.it<\/a><\/p>\n<p><strong>Carlotta Colli<\/strong><br \/>\n<em>Consigliere<\/em><br \/>\n<a href=\"mailto:segret.belgrado@esteri.it\">segret.belgrado@esteri.it<\/a><\/p>\n<p><strong>Francesco Mani\u00e0<\/strong><br \/>\n<em>Primo Segretario<\/em><br \/>\nCapo ufficio stampa, Capo Cancelleria consolare<br \/>\n<a href=\"mailto:stampa.belgrado@esteri.it;\">stampa.belgrado@esteri.it<\/a>;\u00a0<a href=\"mailto:consolare.belgrado@esteri.it\">consolare.belgrado@esteri.it<\/a><\/p>\n<p><strong>Niccol\u00f2<\/strong>\u00a0<strong>Rossi<\/strong><br \/>\n<em>Primo Segretario<\/em><br \/>\nCapo ufficio economico-commerciale<br \/>\n<a href=\"mailto:economico.belgrado@esteri.it\">economico.belgrado@esteri.it<\/a><\/p>\n<p><strong>Ufficio dell&#8217;Addetto Scientifico<\/strong><br \/>\nTel. +381.11.3066116<br \/>\nFax: +381.11.3249413<br \/>\ne-mail:\u00a0<a href=\"mailto:belgrado.scienza@esteri.it\">belgrado.scienza@esteri.it<\/a><\/p>\n<p><strong>UFFICIO CONSOLARE<br \/>\n<\/strong>Passaporti e documenti di viaggio, stato civile, cittadinanza, anagrafe consolare\/AIRE, atti notarili, legalizzazioni, sussidi, pensioni (servizi online), sanit\u00e0, codici fiscali, studenti, dichiarazioni di valore, preiscrizioni universitarie, etc.<br \/>\nBircaninova ulica\u00a09 &#8211; 11000 Belgrado<br \/>\nTel. +381 (0)11 3066171<br \/>\nFax: +381.11.3066171<br \/>\ne-mail:\u00a0<a href=\"mailto:preiscrizioni.belgrado@esteri.it\">preiscrizioni.belgrado@esteri.it<\/a><br \/>\ne-mail:\u00a0<a href=\"mailto:consolare.belgrado@esteri.it\">consolare.belgrado@esteri.it<br \/>\n<\/a>PEC:\u00a0<a href=\"mailto:amb.belgrado.consolare@cert.esteri.it\">amb.belgrado.consolare@cert.esteri.it<\/a><br \/>\nindirizzo abilitato esclusivamente alla ricezione di posta elettronica certificata (PEC)<br \/>\nPEC:\u00a0<a href=\"mailto:amb.belgrado.pass@cert.esteri.it\">amb.belgrado.pass@cert.esteri.it<\/a><br \/>\nindirizzo abilitato esclusivamente alla ricezione di posta elettronica certificata (PEC)<\/p>\n<p><strong>UFFICIO VISTI<br \/>\n<\/strong>Bircaninova ulica\u00a09 &#8211; 11000 Belgrado<strong><br \/>\n<\/strong>Tel. +381.11.3066153<br \/>\nFax: +381.11.3033570<br \/>\ne-mail:\u00a0<a href=\"mailto:visti.belgrado@esteri.it\">visti.belgrado@esteri.it<\/a><\/p>\n<p><strong>\u00a0<\/strong><br \/>\n<strong>VICE CONSOLATO ONORARIO SUBOTICA<br \/>\n<\/strong>\u0110ure \u0110akovi\u0107a, 2\/III &#8211; 24000 Subotica (Srbija)<br \/>\nTel. +381.24.515511\u00a0 Fax +381.24.551285<br \/>\nE-mail:\u00a0<a href=\"mailto:subotica.onorario@esteri.it\">subotica.onorario@esteri.it<\/a><\/p>\n<p><strong>UFFICIO ECONOMICO-COMMERCIALE E SCIENTIFICO<br \/>\n<\/strong>Tel. +381.11.3066130<br \/>\nFax: +381.11.3249413<br \/>\nda luned\u00ec a venerd\u00ec 09.00 &#8211; 16.30<br \/>\ne-mail:\u00a0<a href=\"mailto:economico.belgrado@esteri.it\">economico.belgrado@esteri.it<\/a><\/p>\n<blockquote dir=\"ltr\"><p><strong>Istituto per il Commercio Estero &#8211; Ag. ICE<br \/>\n<\/strong>Direttore Antonio Ventresca<br \/>\nKneza Milosa 56<br \/>\n11000 Belgrado<br \/>\nTel. +381.11.3629939<br \/>\nFax: +381.11.3672458<br \/>\nE-mail:\u00a0<a href=\"mailto:belgrado@ice.it\">belgrado@ice.it<\/a><\/p>\n<p>&nbsp;<\/p><\/blockquote>\n<p><strong>UFFICIO STAMPA<br \/>\n<\/strong>Tel. +381.11.3066123\/150<br \/>\nFax: +381.11.3249413<br \/>\nda luned\u00ec a venerd\u00ec 09.00 &#8211; 16.30<br \/>\ne-mail:\u00a0<a href=\"mailto:stampa.belgrado@esteri.it\">stampa.belgrado@esteri.it<\/a><\/p>\n<p>&nbsp;<\/p>\n<p><strong>ISTITUTO ITALIANO DI CULTURA<br \/>\n<\/strong>Kneza Milosa 56, 11000 Belgrado<br \/>\nTel.\u00a0\u00a0 +381.11.3629435<br \/>\nBiblioteca : Tel.\u00a0 +381.11.3629438<br \/>\nUfficio studenti: Tel.\u00a0 +381.11.3629346<br \/>\nE-mail :\u00a0<a href=\"mailto:iicbelgrado@esteri.it\">iicbelgrado@esteri.it<\/a><br \/>\nweb: \u00a0<a href=\"https:\/\/iicbelgrado.esteri.it\/\">www.iicbelgrado.esteri.it<\/a><\/p>\n<p>&nbsp;<\/p>\n<p><strong>UFFICIO DELL&#8217;ADDETTO DELLA DIFESA<br \/>\n<\/strong>Colonnello Aurelio Costa<br \/>\nTel. +381.11.3065.018<br \/>\nfax: +381.11.3615.182<br \/>\ne-mail:\u00a0<a href=\"mailto:difeitalia.belgrado@smd.difesa.it\">difeitalia.belgrado@smd.difesa.it<\/a><\/p>\n<p><strong><br \/>\nFestivit\u00e0 della Sede per l\u2019anno 2026<\/strong>:<\/p>\n<table class=\"table\" border=\"0\">\n<tbody>\n<tr>\n<td>Gioved\u00ec<\/td>\n<td>01 gennaio<\/td>\n<td>Capodanno<\/td>\n<\/tr>\n<tr>\n<td>Marted\u00ec<\/td>\n<td>06 gennaio<\/td>\n<td>Epifania<\/td>\n<\/tr>\n<tr>\n<td>Mercoled\u00ec<\/td>\n<td>07 gennaio<\/td>\n<td>Natale ortodosso<\/td>\n<\/tr>\n<tr>\n<td>Domenica<\/td>\n<td>15 febbraio<\/td>\n<td>Festa nazionale serba<\/td>\n<\/tr>\n<tr>\n<td>Luned\u00ec<\/td>\n<td>06 aprile<\/td>\n<td>Luned\u00ec dell\u2019Angelo<\/td>\n<\/tr>\n<tr>\n<td>Sabato<\/td>\n<td>25 aprile<\/td>\n<td>Anniversario della liberazione<\/td>\n<\/tr>\n<tr>\n<td>Venerd\u00ec<\/td>\n<td>01 maggio<\/td>\n<td>Festa del lavoro<\/td>\n<\/tr>\n<tr>\n<td>Marted\u00ec<\/td>\n<td>02 giugno<\/td>\n<td>Festa della Repubblica<\/td>\n<\/tr>\n<tr>\n<td>Mercoled\u00ec<\/td>\n<td>11 novembre<\/td>\n<td>Giornata dell\u2019armistizio nella prima guerra mondiale<\/td>\n<\/tr>\n<tr>\n<td>Venerd\u00ec<\/td>\n<td>25 dicembre<\/td>\n<td>Santo Natale<\/td>\n<\/tr>\n<tr>\n<td>Sabato<\/td>\n<td>26 dicembre<\/td>\n<td>Santo Stefano<\/td>\n<\/tr>\n<\/tbody>\n<\/table>\n","protected":false},"excerpt":{"rendered":"AMBASCIATA D&#8217;ITALIA A BELGRADO Bircaninova ulica 11 &#8211; 11000 Belgrado Tel +381.11.3066100 Fax +381.11.3249413 e-mail:\u00a0segret.belgrado@esteri.it PEC:\u00a0amb.belgrado@cert.esteri.it\u00a0 &#8211;\u00a0indirizzo abilitato esclusivamente alla ricezione di posta elettronica certificata (PEC) Luca Gori Ambasciatore belgrado.segramb@esteri.it Carlotta Colli Consigliere segret.belgrado@esteri.it Francesco Mani\u00e0 Primo Segretario Capo ufficio stampa, Capo Cancelleria consolare stampa.belgrado@esteri.it;\u00a0consolare.belgrado@esteri.it Niccol\u00f2\u00a0Rossi Primo Segretario Capo ufficio economico-commerciale economico.belgrado@esteri.it Ufficio dell&#8217;Addetto Scientifico [&hellip;]","protected":false},"author":1,"featured_media":0,"parent":13,"menu_order":4,"comment_status":"closed","ping_status":"closed","template":"","meta":{"footnotes":""},"class_list":["post-40","page","type-page","status-publish","hentry"],"_links":{"self":[{"href":"https:\/\/ambbelgrado.esteri.it\/it\/wp-json\/wp\/v2\/pages\/40","targetHints":{"allow":["GET"]}}],"collection":[{"href":"https:\/\/ambbelgrado.esteri.it\/it\/wp-json\/wp\/v2\/pages"}],"about":[{"href":"https:\/\/ambbelgrado.esteri.it\/it\/wp-json\/wp\/v2\/types\/page"}],"author":[{"embeddable":true,"href":"https:\/\/ambbelgrado.esteri.it\/it\/wp-json\/wp\/v2\/users\/1"}],"replies":[{"embeddable":true,"href":"https:\/\/ambbelgrado.esteri.it\/it\/wp-json\/wp\/v2\/comments?post=40"}],"version-history":[{"count":8,"href":"https:\/\/ambbelgrado.esteri.it\/it\/wp-json\/wp\/v2\/pages\/40\/revisions"}],"predecessor-version":[{"id":14470,"href":"https:\/\/ambbelgrado.esteri.it\/it\/wp-json\/wp\/v2\/pages\/40\/revisions\/14470"}],"up":[{"embeddable":true,"href":"https:\/\/ambbelgrado.esteri.it\/it\/wp-json\/wp\/v2\/pages\/13"}],"wp:attachment":[{"href":"https:\/\/ambbelgrado.esteri.it\/it\/wp-json\/wp\/v2\/media?parent=40"}],"curies":[{"name":"wp","href":"https:\/\/api.w.org\/{rel}","templated":true}]}}