{"id":325,"date":"2023-10-05T10:34:12","date_gmt":"2023-10-05T08:34:12","guid":{"rendered":"https:\/\/ambbelgrado.esteri.it\/?page_id=325"},"modified":"2025-03-10T10:27:05","modified_gmt":"2025-03-10T09:27:05","slug":"accordo-di-cooperazione","status":"publish","type":"page","link":"https:\/\/ambbelgrado.esteri.it\/it\/italia-e-serbia\/diplomazia-scientifica\/accordo-di-cooperazione\/","title":{"rendered":"Accordi di cooperazione"},"content":{"rendered":"<p><strong>Accordi di cooperazione<\/strong><\/p>\n<p>Tra i Governi di Italia e Serbia sono in vigore <strong>due accordi di cooperazione<\/strong> in ambito scientifico e tecnologico.<\/p>\n<p>Il primo <strong>Accordo di Cooperazione Scientifica e Tecnologica <\/strong>tra Italia e Serbia \u00e8 stato firmato dal Ministro Frattini e dal Vice Primo Ministro Djelic a Roma il 21 dicembre 2009. Le parti si sono impegnate a rafforzare la cooperazione negli ambiti della ricerca, dei programmi di studio e dello scambio di docenti e discenti, dell\u2019organizzazione congiunta di seminari e conferenze e dell\u2019attivazione di borse di studio.<\/p>\n<p>Sulla base del suddetto Accordo, il 9 luglio 2013 \u00e8\u2019 stato firmato a Belgrado il primo Protocollo Esecutivo di Collaborazione Scientifica e Tecnologica per gli anni 2013-2015 che \u00e8 stato dotato di due strumenti di finanziamento: uno a sostegno della mobilit\u00e0 dei ricercatori e l\u2019altro dedicato al finanziamento di attivit\u00e0 di ricerca congiunte.<\/p>\n<p>Il primo Protocollo Esecutivo ha finanziato 15 progetti per lo scambio di ricercatori e 7 progetti di ricerca cosiddetti di Grande Rilevanza.I due Protocolli Esecutivi di Collaborazione Scientifica e Tecnologica che sono seguiti, quello per gli anni 2016-2018 e il successivo per il periodo 2019-2021, hanno finanziato rispettivamente 10 e 12 progetti per lo scambio di ricercatori insieme a 7 progetti di Grande Rilevanza in ciascun periodo.<\/p>\n<p>&nbsp;<\/p>\n<p>In conseguenza degli effetti della pandemia covid-19, e in virt\u00f9 delle disposizioni finali del Protocollo Esecutivo, il termine dei progetti della programmazione 2019-2021 \u00e8 stato prorogato al 31 dicembre 2022.<\/p>\n<p>Il quarto Protocollo Esecutivo di Collaborazione Scientifica e Tecnologica \u00e8 stato firmato il 20 gennaio 2025 e finanzia, nel periodo 2025-2027, 12 progetti per lo scambio di ricercatori. Nella programmazione corrente, i settori prioritari di cooperazione sono:<\/p>\n<ul>\n<li>Agriculture and food technologies<\/li>\n<li>Information and communication technologies<\/li>\n<li>Energy transition and Hydrogen-related Research<\/li>\n<li>Basic research in Physics<\/li>\n<li>Biotechnology<\/li>\n<\/ul>\n<p>&nbsp;<\/p>\n<p>Il secondo accordo in vigore \u00e8 il <strong>Memorandum d\u2019Intesa per la Cooperazione in Istruzione Superiore, Ricerca e Innovazione<\/strong> firmato il 22 marzo 2023 tra il Ministero della Scienza, dello Sviluppo Tecnologico e dell&#8217;Innovazione e il Ministero dell&#8217;Istruzione dal lato serbo e, dal lato italiano, dal Ministero dell&#8217;Universit\u00e0 e della Ricerca. Il Memorandum intende rafforzare la cooperazione negli ambiti dell\u2019istruzione superiore e della ricerca scientifica, in particolare in aree prioritarie quali:<\/p>\n<ul>\n<li>Calcolo ad alte prestazioni e Big Data;<\/li>\n<li>Intelligenza artificiale e sue applicazioni;<\/li>\n<li>Tecnologie agroalimentari;<\/li>\n<li>Tecnologie bio e RNA;<\/li>\n<li>Economia sostenibile e mobilit\u00e0 sostenibile;<\/li>\n<\/ul>\n<p>La realizzazione della parte del Memorandum d\u2019Intesa relativa a Ricerca e Innovazione \u00e8 stata avviata nel dicembre 2023 con il lancio del bando per progetti di ricerca congiunti. Le aree di ricerca sono quelle prioritarie identificate dal Memorandum. La valutazione delle proposte ricevute \u00e8 in fase di completamento ed il lancio dei progetti \u00e8 previsto nella prima met\u00e0 del 2025.<\/p>\n<p>&nbsp;<\/p>\n<p>Per maggiori informazioni contatta l\u2019ufficio dell\u2019Addetto Scientifico sulla mail\u00a0<a href=\"mailto:belgrdao.scienza@esteri.it\">belgrado.scienza@esteri.it<\/a>\u00a0.<\/p>\n<p>&nbsp;<\/p>\n","protected":false},"excerpt":{"rendered":"Accordi di cooperazione Tra i Governi di Italia e Serbia sono in vigore due accordi di cooperazione in ambito scientifico e tecnologico. Il primo Accordo di Cooperazione Scientifica e Tecnologica tra Italia e Serbia \u00e8 stato firmato dal Ministro Frattini e dal Vice Primo Ministro Djelic a Roma il 21 dicembre 2009. Le parti si [&hellip;]","protected":false},"author":7,"featured_media":0,"parent":45,"menu_order":0,"comment_status":"closed","ping_status":"closed","template":"","meta":{"footnotes":""},"class_list":["post-325","page","type-page","status-publish","hentry"],"_links":{"self":[{"href":"https:\/\/ambbelgrado.esteri.it\/it\/wp-json\/wp\/v2\/pages\/325","targetHints":{"allow":["GET"]}}],"collection":[{"href":"https:\/\/ambbelgrado.esteri.it\/it\/wp-json\/wp\/v2\/pages"}],"about":[{"href":"https:\/\/ambbelgrado.esteri.it\/it\/wp-json\/wp\/v2\/types\/page"}],"author":[{"embeddable":true,"href":"https:\/\/ambbelgrado.esteri.it\/it\/wp-json\/wp\/v2\/users\/7"}],"replies":[{"embeddable":true,"href":"https:\/\/ambbelgrado.esteri.it\/it\/wp-json\/wp\/v2\/comments?post=325"}],"version-history":[{"count":3,"href":"https:\/\/ambbelgrado.esteri.it\/it\/wp-json\/wp\/v2\/pages\/325\/revisions"}],"predecessor-version":[{"id":12266,"href":"https:\/\/ambbelgrado.esteri.it\/it\/wp-json\/wp\/v2\/pages\/325\/revisions\/12266"}],"up":[{"embeddable":true,"href":"https:\/\/ambbelgrado.esteri.it\/it\/wp-json\/wp\/v2\/pages\/45"}],"wp:attachment":[{"href":"https:\/\/ambbelgrado.esteri.it\/it\/wp-json\/wp\/v2\/media?parent=325"}],"curies":[{"name":"wp","href":"https:\/\/api.w.org\/{rel}","templated":true}]}}