{"id":15,"date":"2023-04-11T17:08:57","date_gmt":"2023-04-11T15:08:57","guid":{"rendered":"https:\/\/ambasciatapraga.esteri.it\/?page_id=15"},"modified":"2026-03-09T15:57:45","modified_gmt":"2026-03-09T14:57:45","slug":"servizi-consolari-e-visti","status":"publish","type":"page","link":"https:\/\/ambbelgrado.esteri.it\/it\/servizi-consolari-e-visti\/","title":{"rendered":"Servizi Consolari e Visti"},"content":{"rendered":"<h2>Servizi consolari<\/h2>\n<p><strong>Nel territorio della Repubblica di Serbia, i servizi consolari sono assicurati dalla Cancelleria Consolare dell&#8217;Ambasciata d&#8217;Italia a Belgrado e dal Vice Consolato Onorario a Subotica che ha funzioni limitate rispetto all&#8217;Ufficio consolare a Belgrado.<\/strong><\/p>\n<p>&nbsp;<\/p>\n<p><strong>Festivit\u00e0 della Sede per l\u2019anno 2026<\/strong>:<\/p>\n<table class=\"table\" border=\"0\">\n<tbody>\n<tr>\n<td>Gioved\u00ec<\/td>\n<td>01 gennaio<\/td>\n<td>Capodanno<\/td>\n<\/tr>\n<tr>\n<td>Marted\u00ec<\/td>\n<td>06 gennaio<\/td>\n<td>Epifania<\/td>\n<\/tr>\n<tr>\n<td>Mercoled\u00ec<\/td>\n<td>07 gennaio<\/td>\n<td>Natale ortodosso<\/td>\n<\/tr>\n<tr>\n<td>Domenica<\/td>\n<td>15 febbraio<\/td>\n<td>Festa nazionale serba<\/td>\n<\/tr>\n<tr>\n<td>Luned\u00ec<\/td>\n<td>06 aprile<\/td>\n<td>Luned\u00ec dell\u2019Angelo<\/td>\n<\/tr>\n<tr>\n<td>Sabato<\/td>\n<td>25 aprile<\/td>\n<td>Anniversario della liberazione<\/td>\n<\/tr>\n<tr>\n<td>Venerd\u00ec<\/td>\n<td>01 maggio<\/td>\n<td>Festa del lavoro<\/td>\n<\/tr>\n<tr>\n<td>Marted\u00ec<\/td>\n<td>02 giugno<\/td>\n<td>Festa della Repubblica<\/td>\n<\/tr>\n<tr>\n<td>Mercoled\u00ec<\/td>\n<td>11 novembre<\/td>\n<td>Giornata dell\u2019armistizio nella prima guerra mondiale<\/td>\n<\/tr>\n<tr>\n<td>Venerd\u00ec<\/td>\n<td>25 dicembre<\/td>\n<td>Santo Natale<\/td>\n<\/tr>\n<tr>\n<td>Sabato<\/td>\n<td>26 dicembre<\/td>\n<td>Santo Stefano<\/td>\n<\/tr>\n<\/tbody>\n<\/table>\n<table class=\"table\" border=\"0\">\n<tbody>\n<tr>\n<td><\/td>\n<td><\/td>\n<td><\/td>\n<\/tr>\n<tr>\n<td><\/td>\n<td><\/td>\n<td><\/td>\n<\/tr>\n<tr>\n<td><\/td>\n<td><\/td>\n<td><\/td>\n<\/tr>\n<tr>\n<td><\/td>\n<td><\/td>\n<td><\/td>\n<\/tr>\n<tr>\n<td><\/td>\n<td><\/td>\n<td><\/td>\n<\/tr>\n<tr>\n<td><\/td>\n<td><\/td>\n<td><\/td>\n<\/tr>\n<tr>\n<td><\/td>\n<td><\/td>\n<td><\/td>\n<\/tr>\n<tr>\n<td><\/td>\n<td><\/td>\n<td><\/td>\n<\/tr>\n<tr>\n<td><\/td>\n<td><\/td>\n<td><\/td>\n<\/tr>\n<tr>\n<td><\/td>\n<td><\/td>\n<td><\/td>\n<\/tr>\n<tr>\n<td><\/td>\n<td><\/td>\n<td><\/td>\n<\/tr>\n<\/tbody>\n<\/table>\n<p><strong>UFFICIO CONSOLARE<\/strong><br \/>\nPassaporti e documenti di viaggio, stato civile, cittadinanza, anagrafe consolare\/AIRE, atti notarili, legalizzazioni, sussidi, pensioni (servizi online), sanit\u00e0, codici fiscali, studenti, dichiarazioni di valore, preiscrizioni universitarie, etc.<br \/>\nBircaninova ulica 9 &#8211; 11000 Belgrado<br \/>\nTel. +381.11.3066171<br \/>\nFax: +381.11.3066171<br \/>\ne-mail: <a href=\"mailto:preiscrizioni.belgrado@esteri.it\">preiscrizioni.belgrado@esteri.it<\/a><br \/>\ne-mail: <a href=\"mailto:consolare.belgrado@esteri.it\">consolare.belgrado@esteri.it<\/a><br \/>\nPEC: <a href=\"mailto:amb.belgrado.consolare@cert.esteri.i\">amb.belgrado.consolare@cert.esteri.it<\/a><br \/>\nindirizzo abilitato esclusivamente alla ricezione di posta elettronica certificata (PEC)<br \/>\nPEC: <a href=\"mailto:amb.belgrado.pass@cert.esteri.it\">amb.belgrado.pass@cert.esteri.it<\/a><br \/>\nindirizzo abilitato esclusivamente alla ricezione di posta elettronica certificata (PEC)<\/p>\n<p>La Cancelleria consolare riceve esclusivamente su appuntamento, dando priorit\u00e0 alle richieste urgenti. Per informazioni sui servizi consolari \u00e8 possibile consultare il sito nelle apposite sezioni, altrimenti \u00e8 possibile scrivere a <a href=\"mailto:consolare.belgrado@esteri.it\">consolare.belgrado@esteri.it<\/a>\u00a0oppure chiamare il numero +381 (0)11 3066171 dal luned\u00ec al venerd\u00ec dalle ore 11:00 alle ore 13:00.<\/p>\n<p>\u201c<a href=\"https:\/\/ambbelgrado.esteri.it\/wp-content\/uploads\/2023\/10\/informativa_servizi_consolari_belgrado.docx\">INFORMATIVA TRATTAMENTO DEI DATI PERSONALI AI DELL\u2019EROGAZIONE DEI SERVIZI CONSOLARI<\/a>&#8221;<\/p>\n<p>&nbsp;<\/p>\n<p><strong>UFFICIO VISTI<\/strong><br \/>\nBircaninova ulica 9 &#8211; 11000 Belgrado<br \/>\nTel. +381.11.3066153<br \/>\nFax: +381.11.3033570<br \/>\ne-mail: <a href=\"mailto:visti.belgrado@esteri.it\">visti.belgrado@esteri.it<\/a><\/p>\n<p>L\u2019Ufficio visti riceve esclusivamente su appuntamento, dando priorit\u00e0 alle richieste urgenti. Per informazioni sui visti \u00e8 possibile consultare il sito nelle apposite sezioni, altrimenti \u00e8 possibile scrivere a <a href=\"mailto:visti.belgrado@esteri.it\">visti.belgrado@esteri.it<\/a>\u00a0 oppure chiamare il numero +381 (0)11 3066153 dal luned\u00ec al venerd\u00ec dalle ore 12:00 alle ore 13:00.<\/p>\n<p>(obbligatorio prendere appuntamento)<\/p>\n<p>\u201c<a href=\"https:\/\/ambbelgrado.esteri.it\/wp-content\/uploads\/2023\/10\/informativa_visti_belgrado.docx\">INFORMATIVA TRATTAMENTO DEI DATI PERSONALI AI FINI DEL RILASCIO DI UN VISTO D\u2019INGRESSO IN ITALIA E NELL\u2019AREA SCHENGEN<\/a>\u201d<\/p>\n<p><a href=\"https:\/\/ambbelgrado.esteri.it\/it\/servizi-consolari-e-visti\/servizi-per-il-cittadino-straniero\/visti\/altre-tipologie-di-visto-dingresso\/\"><strong>\u201cPRENOT@MI\u201d<\/strong><\/a><\/p>\n<p>&nbsp;<\/p>\n<p><strong>VICE CONSOLATO ONORARIO SUBOTICA<br \/>\n<\/strong>\u0110ure \u0110akovi\u0107a, 2\/III &#8211; 24000 Subotica (Srbija)<br \/>\nTel. +381.24.515511 Fax +381.24.551285<br \/>\nE-mail: <a href=\"mailto:subotica.onorario@esteri.it\">subotica.onorario@esteri.it<\/a><\/p>\n","protected":false},"excerpt":{"rendered":"Servizi consolari Nel territorio della Repubblica di Serbia, i servizi consolari sono assicurati dalla Cancelleria Consolare dell&#8217;Ambasciata d&#8217;Italia a Belgrado e dal Vice Consolato Onorario a Subotica che ha funzioni limitate rispetto all&#8217;Ufficio consolare a Belgrado. &nbsp; Festivit\u00e0 della Sede per l\u2019anno 2026: Gioved\u00ec 01 gennaio Capodanno Marted\u00ec 06 gennaio Epifania Mercoled\u00ec 07 gennaio Natale [&hellip;]","protected":false},"author":1,"featured_media":0,"parent":0,"menu_order":6,"comment_status":"closed","ping_status":"closed","template":"","meta":{"footnotes":""},"class_list":["post-15","page","type-page","status-publish","hentry"],"_links":{"self":[{"href":"https:\/\/ambbelgrado.esteri.it\/it\/wp-json\/wp\/v2\/pages\/15","targetHints":{"allow":["GET"]}}],"collection":[{"href":"https:\/\/ambbelgrado.esteri.it\/it\/wp-json\/wp\/v2\/pages"}],"about":[{"href":"https:\/\/ambbelgrado.esteri.it\/it\/wp-json\/wp\/v2\/types\/page"}],"author":[{"embeddable":true,"href":"https:\/\/ambbelgrado.esteri.it\/it\/wp-json\/wp\/v2\/users\/1"}],"replies":[{"embeddable":true,"href":"https:\/\/ambbelgrado.esteri.it\/it\/wp-json\/wp\/v2\/comments?post=15"}],"version-history":[{"count":6,"href":"https:\/\/ambbelgrado.esteri.it\/it\/wp-json\/wp\/v2\/pages\/15\/revisions"}],"predecessor-version":[{"id":14831,"href":"https:\/\/ambbelgrado.esteri.it\/it\/wp-json\/wp\/v2\/pages\/15\/revisions\/14831"}],"wp:attachment":[{"href":"https:\/\/ambbelgrado.esteri.it\/it\/wp-json\/wp\/v2\/media?parent=15"}],"curies":[{"name":"wp","href":"https:\/\/api.w.org\/{rel}","templated":true}]}}