{"id":14,"date":"2023-04-11T17:08:52","date_gmt":"2023-04-11T15:08:52","guid":{"rendered":"https:\/\/ambasciatapraga.esteri.it\/?page_id=14"},"modified":"2025-04-17T14:19:39","modified_gmt":"2025-04-17T12:19:39","slug":"italia-e-serbia","status":"publish","type":"page","link":"https:\/\/ambbelgrado.esteri.it\/it\/italia-e-serbia\/","title":{"rendered":"Italia e Serbia"},"content":{"rendered":"<p><img loading=\"lazy\" decoding=\"async\" class=\"alignnone size-medium wp-image-8634 img-fluid\" src=\"https:\/\/ambbelgrado.esteri.it\/wp-content\/uploads\/2023\/11\/Presidente-Mattarella-in-Parlamento-serbo-300x200.jpg\" alt=\"\" width=\"300\" height=\"200\" srcset=\"https:\/\/ambbelgrado.esteri.it\/wp-content\/uploads\/2023\/11\/Presidente-Mattarella-in-Parlamento-serbo-300x200.jpg 300w, https:\/\/ambbelgrado.esteri.it\/wp-content\/uploads\/2023\/11\/Presidente-Mattarella-in-Parlamento-serbo-768x512.jpg 768w, https:\/\/ambbelgrado.esteri.it\/wp-content\/uploads\/2023\/11\/Presidente-Mattarella-in-Parlamento-serbo.jpg 800w\" sizes=\"auto, (max-width: 300px) 100vw, 300px\" \/><\/p>\n<div>\n<p>Italia e Serbia godono di rapporti bilaterali eccellenti. La tradizionale cooperazione bilaterale tra i nostri due Paesi trova salde radici nella Dichiarazione di Partenariato Strategico sottoscritta in occasione del Primo Vertice Intergovernativo bilaterale del 2009 e si caratterizza per frequenti contatti a livello politico.<\/p>\n<p>L\u2019Italia \u00e8 tra i principali sponsor del processo d\u2019integrazione europea di Belgrado, \u00e8 attualmente tra i principali investitori stranieri ed il terzo partner commerciale della Serbia.<\/p>\n<p><strong>Cooperazione Politica<\/strong><\/p>\n<p>Le relazioni tra Italia e Serbia vivono un momento di concreto e positivo dinamismo grazie al costante dialogo politico e alla crescente cooperazione economica e commerciale.<\/p>\n<p>Nel contesto dell&#8217;azione di rilancio del ruolo dell&#8217;Italia nei Balcani Occidentali intrapresa dal Governo del Presidente Meloni, dall\u2019autunno 2022 si sono susseguite le visite dei principali esponenti del Governo tra cui le tre missioni del Vice Presidente del Consiglio e Ministro degli Affari Esteri e della Cooperazione Internazionale, On. Antonio Tajani, da ultimo in occasione del Business Forum del 31 gennaio scorso.<\/p>\n<p>Il Presidente del Consiglio del Ministri, On. Giorgia Meloni, ha visitato Belgrado a dicembre 2023.<\/p>\n<p>Italia e Serbia hanno festeggiato nel 2024 i 145 anni dallo stabilimento delle relazioni diplomatiche, anniversario reso ancor pi\u00f9 significativo per la contestuale celebrazione dei 15 anni dalla sottoscrizione del Partenariato Strategico avviato con la Dichiarazione congiunta del 13 novembre 2009.<\/p>\n<p>Segui gli avvenimenti nella sezione \u201cNotizie\u201d per tenerti aggiornato sulla nostra attivit\u00e0.<\/p>\n<p><strong>Storia<\/strong><\/p>\n<p>INQUADRAMENTO POLITICO<\/p>\n<p>Il 5 giugno 2006 \u00e8 stata proclamata la nascita della Repubblica di Serbia, Stato successore dell\u2019Unione di Serbia e Montenegro, dissoltasi a seguito della dichiarazione d\u2019indipendenza del Montenegro, il 3 giugno 2006.<\/p>\n<p>L\u2019Unione di Serbia e Montenegro era stata istituita il 4 febbraio 2003 quale Stato successore della Repubblica Federale di Jugoslavia (RFJ), a sua volta fondata nel 1992 dopo la dissoluzione della Repubblica Federale Socialista di Jugoslavia a seguito della secessione di Slovenia, Croazia, Bosnia-Erzegovina e Macedonia.<\/p>\n<p>La vigente Costituzione della Repubblica di Serbia include quale parte integrante del Paese anche il Kosovo che, sulla base della Risoluzione ONU 1244 del 1999, \u00e8 stato amministrato da una Missione delle Nazioni Unite (UNMIK) fino al 17 febbraio 2008, allorch\u00e9 ha dichiarato la propria indipendenza, che Belgrado non ha per\u00f2 riconosciuto.<\/p>\n<p>Nell\u2019aprile 2008 la Serbia ha firmato un Accordo di Stabilizzazione ed Associazione con l\u2019Unione Europea.<\/p>\n<p>Nel dicembre 2009 \u00e8 stato abolito l\u2019obbligo del visto di ingresso per i cittadini serbi nei Paesi UE dell\u2019Area Schengen. Nello stesso mese, la Serbia ha presentato la domanda di candidatura all\u2019Unione Europea. Nell\u2019ottobre 2010, il Consiglio Europeo ha trasmesso tale domanda alla Commissione Europea, che il 12 ottobre 2011 ha espresso il proprio parere favorevole.<\/p>\n<p>Dal 1\u00ba marzo 2012 la Serbia gode dello status di Paese candidato all\u2019ingresso nell\u2019Unione Europea.<\/p>\n<p>Il Consiglio europeo del 28 giugno 2013, valutati positivamente i progressi di Belgrado per l\u2019adeguamento della legislazione locale all\u2019<em>acquis<\/em>\u00a0comunitario e nell\u2019ambito del Dialogo con Pristina per la normalizzazione delle relazioni con il Kosovo, ha deciso l\u2019apertura dei negoziati di adesione della Serbia all\u2019UE entro gennaio 2014.<\/p>\n<p>I negoziati di adesione della Serbia all\u2019Unione europea sono stati avviati il 21 gennaio 2014.<\/p>\n<h3>Attualit\u00e0<\/h3>\n<p><strong>REPUBBLICA DI SERBIA<\/strong><\/p>\n<p>Presidente della Repubblica di Serbia &#8211; <strong>Aleksandar Vu\u010di\u0107<\/strong><\/p>\n<p>&nbsp;<\/p>\n<p>L\u2019attuale Governo serbo \u00e8 stato formato il 16 aprile 2025, con l\u2019elezione di Djuro Macut in qualit\u00e0 di Primo Ministro.<\/p>\n<p>&nbsp;<\/p>\n<p><strong>GOVERNO DELLA \u00a0REPUBBLICA DI SERBIA 2025<\/strong><\/p>\n<p><em>Primo Ministro<\/em> &#8211; <strong>Djuro MACUT<\/strong><\/p>\n<p><em>Primo Vice Primo Ministro e Ministro delle Finanze &#8211;<\/em> Sini\u0161a Mali<\/p>\n<p><em>Vice Primo Ministro e Ministro dell\u2019Interno<\/em> &#8211; Ivica DA\u010cI\u0106<\/p>\n<p><em>Vice Primo Ministro e Ministro dell\u2019Economia &#8211; Adrijana MESAROVI\u0106<\/em><\/p>\n<p><em>Ministro degli Affari Esteri<\/em> &#8211; Marko DJURI\u0106<\/p>\n<p><em>Ministro della Difesa<\/em> &#8211; Bratislav GA\u0160I\u0106<\/p>\n<p><em>Ministro per la Tutela dell\u2019Ambiente &#8211;<\/em> Sara PAVKOV<\/p>\n<p><em>Ministro dell&#8217;Agricoltura, delle Foreste e della Gestione delle Acque &#8211; <\/em>Dragan GLAMO\u010cI\u0106<\/p>\n<p><em>Ministro dell\u2019Edilizia, dei Trasporti e delle Infrastrutture &#8211; <\/em>Aleksandra SOFRONIJEVI\u0106<\/p>\n<p><em>Ministero delle Miniere e dell&#8217;Energia<\/em> &#8211; Dubravka DJEDOVI\u0106 HANDANOVI\u0106<\/p>\n<p><em>Ministro del Commercio Interno ed Estero &#8211;\u00a0<\/em>Jagoda LAZAREVI\u0106<\/p>\n<p><em>Ministro della Giustizia &#8211; <\/em>Nenad VUJI\u0106<\/p>\n<p><em>Ministro dell\u2019Amministrazione Pubblica e Locale &#8211; <\/em>Sne\u017eana PAUNOVI\u0106<\/p>\n<p><em>Ministero dei Diritti Umani, delle Minoranze e del Dialogo Sociale &#8211; <\/em>Demo BERI\u0160A<\/p>\n<p><em>Ministro dell\u2019Integrazione Europea &#8211;<\/em> Nemanja STAROVI\u0106<\/p>\n<p><em>Ministro dell\u2019Istruzione <\/em><em>&#8211;<\/em> Dejan Vuk STANKOVI\u0106<\/p>\n<p><em>Ministro della Salute &#8211; <\/em>Zlatibor LON\u010cAR<\/p>\n<p><em>Ministro del Lavoro, dell&#8217;Occupazione, dei Veterani e degli Affari Sociali &#8211;<\/em> Milica DJURDJEVI\u0106 STAMENKOVSKI<\/p>\n<p><em>Ministro della Tutela della Famiglia e della Demografia &#8211;<\/em> Jelena \u017dARI\u0106 KOVA\u010cEVI\u0106<\/p>\n<p><em>Ministro dello Sport &#8211; <\/em>Zoran GAJI\u0106<\/p>\n<p><em>Ministro della Cultura &#8211;<\/em> Nikola SELAKOVI\u0106<\/p>\n<p><em>Ministro per la Tutela Rurale &#8211;<\/em> MILAN KRKOBABI\u0106<\/p>\n<p><em>Ministero della Scienza, dello Sviluppo Tecnologico e dell\u2019Innovazione &#8211; <\/em>Bela BALINT<\/p>\n<p><em>Ministro del Turismo e della Giovent\u00f9 &#8211; <\/em>\u00a0Husein MEMI\u0106<\/p>\n<p><em>\u00a0Ministro dell\u2019Informazione e delle Telecomunicazioni &#8211;<\/em> Boris BRATINA<\/p>\n<p><em>Ministro per gli Investimenti Pubblici<\/em> &#8211; Darko GLI\u0160I\u0106<\/p>\n<p><em>Ministro senza portafoglio &#8211; <\/em>Novica TON\u010cEV<\/p>\n<p><em>Ministro senza portafoglio &#8211;<\/em> \u0110or\u0111e MILI\u0106EVI\u0106<\/p>\n<p><em>Ministro senza portafoglio &#8211;<\/em> Usame ZUKORLI\u0106<\/p>\n<p><em>Ministro senza portafoglio<\/em> &#8211; Nenad POPOVI\u0106<\/p>\n<p><em>Ministro senza portafoglio<\/em> &#8211; Tatjana MACURA<\/p>\n<p>&nbsp;<\/p>\n<p>Per maggiori informazioni, consultare il sito web del Governo serbo:\u00a0<a href=\"https:\/\/www.srbija.gov.rs\/\">https:\/\/www.srbija.gov.rs\/<\/a><\/p>\n<h3>Incontri<\/h3>\n<p><a href=\"https:\/\/ambbelgrado.esteri.it\/it\/news\/dall_ambasciata\/2025\/01\/visite-nel-2025\/\">VISITE NEL 2025<\/a><\/p>\n<p><a href=\"https:\/\/ambbelgrado.esteri.it\/it\/news\/dall_ambasciata\/2024\/10\/visite-nel-2024\/\">VISITE NEL 2024<\/a><\/p>\n<p align=\"left\"><a href=\"https:\/\/ambbelgrado.esteri.it\/ambasciata_belgrado\/it\/ambasciata\/news\/dall-ambasciata\/visite-nel-2023.html\">VISITE NEL 2023<\/a><\/p>\n<p align=\"left\"><a href=\"https:\/\/ambbelgrado.esteri.it\/ambasciata_belgrado\/it\/ambasciata\/news\/dall-ambasciata\/2022\/06\/visite-nel-2022.html\">VISITE NEL 2022<\/a><\/p>\n<p align=\"left\"><a href=\"https:\/\/ambbelgrado.esteri.it\/ambasciata_belgrado\/it\/i_rapporti_bilaterali\/cooperazione_politica\/incontri\/visite-nel-2021.html\">VISITE NEL 2021<\/a><\/p>\n<p align=\"left\"><a href=\"https:\/\/ambbelgrado.esteri.it\/ambasciata_belgrado\/it\/ambasciata\/news\/dall-ambasciata\/2021\/04\/visite-nel-2020.html\">VISITE NEL 2020<\/a><\/p>\n<p align=\"left\"><a href=\"https:\/\/ambbelgrado.esteri.it\/ambasciata_belgrado\/it\/i_rapporti_bilaterali\/cooperazione_politica\/incontri\/visite-2019.html\">VISITE NEL 2019<\/a><\/p>\n<p align=\"left\"><a href=\"https:\/\/ambbelgrado.esteri.it\/ambasciata_belgrado\/it\/i_rapporti_bilaterali\/cooperazione_politica\/incontri\/incontri-2018.html\">VISITE NEL 2018<\/a><\/p>\n<p align=\"left\"><a href=\"http:\/\/www.ambbelgrado.esteri.it\/ambasciata_belgrado\/it\/i_rapporti_bilaterali\/cooperazione_politica\/incontri\/2017-visite.html\">VISITE NEL 2017<\/a><\/p>\n<p align=\"left\"><a href=\"http:\/\/www.ambbelgrado.esteri.it\/ambasciata_belgrado\/it\/i_rapporti_bilaterali\/cooperazione_politica\/incontri\/2016-visite.html\">VISITE NEL 2016<\/a><\/p>\n<p align=\"left\"><a href=\"https:\/\/ambbelgrado.esteri.it\/ambasciata_belgrado\/it\/i_rapporti_bilaterali\/cooperazione_politica\/incontri\/2015-visite.html\">VISITE NEL 2015<\/a><\/p>\n<p align=\"left\"><a href=\"https:\/\/ambbelgrado.esteri.it\/ambasciata_belgrado\/it\/i_rapporti_bilaterali\/cooperazione_politica\/incontri\/2014-visite.html\">VISITE NEL 2014<\/a><\/p>\n<p align=\"left\"><a href=\"https:\/\/ambbelgrado.esteri.it\/ambasciata_belgrado\/it\/i_rapporti_bilaterali\/cooperazione_politica\/incontri\/2013-visite.html\">VISITE NEL 2013<\/a><\/p>\n<p align=\"left\"><a href=\"http:\/\/www.ambbelgrado.esteri.it\/ambasciata_belgrado\/it\/ambasciata\/news\/dall-ambasciata\/visite-nel-2012.html\">VISITE NEL 2012<\/a><\/p>\n<p align=\"left\"><a href=\"https:\/\/ambbelgrado.esteri.it\/ambasciata_belgrado\/it\/i_rapporti_bilaterali\/cooperazione_politica\/incontri\/incontri-2011.html\">VISITE NEL 2011<\/a><\/p>\n<p align=\"left\"><a href=\"https:\/\/ambbelgrado.esteri.it\/ambasciata_belgrado\/it\/i_rapporti_bilaterali\/cooperazione_politica\/incontri\/incontri-2010.html\">VISITE NEL 2010<\/a><\/p>\n<p align=\"left\"><a href=\"https:\/\/ambbelgrado.esteri.it\/ambasciata_belgrado\/resource\/doc\/2015\/07\/scambidivisiteincontri.pdf\">VISITE NEL 2007 &#8211; 2009<\/a><\/p>\n<p>&nbsp;<\/p>\n<\/div>\n","protected":false},"excerpt":{"rendered":"Italia e Serbia godono di rapporti bilaterali eccellenti. La tradizionale cooperazione bilaterale tra i nostri due Paesi trova salde radici nella Dichiarazione di Partenariato Strategico sottoscritta in occasione del Primo Vertice Intergovernativo bilaterale del 2009 e si caratterizza per frequenti contatti a livello politico. L\u2019Italia \u00e8 tra i principali sponsor del processo d\u2019integrazione europea di [&hellip;]","protected":false},"author":1,"featured_media":0,"parent":0,"menu_order":4,"comment_status":"closed","ping_status":"closed","template":"","meta":{"footnotes":""},"class_list":["post-14","page","type-page","status-publish","hentry"],"_links":{"self":[{"href":"https:\/\/ambbelgrado.esteri.it\/it\/wp-json\/wp\/v2\/pages\/14","targetHints":{"allow":["GET"]}}],"collection":[{"href":"https:\/\/ambbelgrado.esteri.it\/it\/wp-json\/wp\/v2\/pages"}],"about":[{"href":"https:\/\/ambbelgrado.esteri.it\/it\/wp-json\/wp\/v2\/types\/page"}],"author":[{"embeddable":true,"href":"https:\/\/ambbelgrado.esteri.it\/it\/wp-json\/wp\/v2\/users\/1"}],"replies":[{"embeddable":true,"href":"https:\/\/ambbelgrado.esteri.it\/it\/wp-json\/wp\/v2\/comments?post=14"}],"version-history":[{"count":8,"href":"https:\/\/ambbelgrado.esteri.it\/it\/wp-json\/wp\/v2\/pages\/14\/revisions"}],"predecessor-version":[{"id":12629,"href":"https:\/\/ambbelgrado.esteri.it\/it\/wp-json\/wp\/v2\/pages\/14\/revisions\/12629"}],"wp:attachment":[{"href":"https:\/\/ambbelgrado.esteri.it\/it\/wp-json\/wp\/v2\/media?parent=14"}],"curies":[{"name":"wp","href":"https:\/\/api.w.org\/{rel}","templated":true}]}}