{"id":123,"date":"2023-09-25T15:18:30","date_gmt":"2023-09-25T13:18:30","guid":{"rendered":"https:\/\/ambasciatatirana.esteri.it\/?page_id=123"},"modified":"2023-11-27T14:53:21","modified_gmt":"2023-11-27T13:53:21","slug":"contatti","status":"publish","type":"page","link":"https:\/\/ambbelgrado.esteri.it\/it\/chi-siamo\/contatti\/","title":{"rendered":"Contatti"},"content":{"rendered":"<p><strong>AMBASCIATA D&#8217;ITALIA A BELGRADO<\/strong><\/p>\n<p>Bircaninova ulica 11 &#8211; 11000 Belgrado<br \/>\nTel +381.11.3066100 Fax +381.11.3249413<br \/>\ne-mail: <a href=\"mailto:segret.belgrado@esteri.it\">segret.belgrado@esteri.it<\/a><br \/>\nPEC: <a>amb.belgrado@cert.esteri.it\u00a0 &#8211; <\/a>indirizzo abilitato esclusivamente alla ricezione di posta elettronica certificata (PEC)<a href=\"mailto:amb.belgrado@cert.esteri.it\"><br \/>\n<\/a><br \/>\ne-mail <strong>VISTI<\/strong>: <a href=\"mailto:visti.belgrado@esteri.it\">visti.belgrado@esteri.it<\/a>; e-mail <strong>Consolare<\/strong>: <a href=\"mailto:consolare.belgrado@esteri.it\">consolare.belgrado@esteri.it<\/a> <em>(per tutti i contatti telefonici, orari e informazioni visti\/consolare scendere in basso alla pagina)<\/em><\/p>\n<p>L\u2019Ambasciata \u00e8 raggiungibile telefonicamente <strong>dal luned\u00ec al venerd\u00ec dalle 9:00 alle 19:00<\/strong> al numero +381 (0)11 3066100 oppure attraverso l\u2019indirizzo e-mail <a href=\"mailto:segret.belgrado@esteri.it\">segret.belgrado@esteri.it<\/a> .<\/p>\n<p>La Cancelleria consolare e l&#8217;Ufficio Visti ricevono esclusivamente su appuntamento, dando priorit\u00e0 alle richieste urgenti. Per informazioni sui servizi consolari e visti \u00e8 possibile consultare il sito nelle sezioni &#8220;servizi consolari&#8221; e \u201cvisti&#8221;, altrimenti \u00e8 possibile scrivere a <a href=\"mailto:consolare.belgrado@esteri.it\">consolare.belgrado@esteri.it<\/a>\u00a0 e <a href=\"mailto:visti.belgrado@esteri.it\">visti.belgrado@esteri.it<\/a>,\u00a0oppure chiamare il numero +381 (0)11 3066171 dal luned\u00ec al venerd\u00ec dalle ore 11:00 alle ore 13:00 (consolare) e il numero +381 (0)11 3066153\u00a0dal luned\u00ec al venerd\u00ec dalle ore 12:00 alle ore 13:00 per informazioni sui visti.<\/p>\n<p>&nbsp;<\/p>\n<p>Per prenotare un appuntamento per il rilascio di un visto \u00e8 obbligatorio utilizzare il portale\u00a0<strong><a href=\"https:\/\/ambbelgrado.esteri.it\/ambasciata_belgrado\/it\/informazioni_e_servizi\/visti\/altre-tipologie-di-visto-d-ingresso\">Prenot@mi<\/a>.<\/strong><\/p>\n","protected":false},"excerpt":{"rendered":"AMBASCIATA D&#8217;ITALIA A BELGRADO Bircaninova ulica 11 &#8211; 11000 Belgrado Tel +381.11.3066100 Fax +381.11.3249413 e-mail: segret.belgrado@esteri.it PEC: amb.belgrado@cert.esteri.it\u00a0 &#8211; indirizzo abilitato esclusivamente alla ricezione di posta elettronica certificata (PEC) e-mail VISTI: visti.belgrado@esteri.it; e-mail Consolare: consolare.belgrado@esteri.it (per tutti i contatti telefonici, orari e informazioni visti\/consolare scendere in basso alla pagina) L\u2019Ambasciata \u00e8 raggiungibile telefonicamente dal luned\u00ec [&hellip;]","protected":false},"author":1,"featured_media":0,"parent":13,"menu_order":4,"comment_status":"closed","ping_status":"closed","template":"","meta":{"footnotes":""},"class_list":["post-123","page","type-page","status-publish","hentry"],"_links":{"self":[{"href":"https:\/\/ambbelgrado.esteri.it\/it\/wp-json\/wp\/v2\/pages\/123","targetHints":{"allow":["GET"]}}],"collection":[{"href":"https:\/\/ambbelgrado.esteri.it\/it\/wp-json\/wp\/v2\/pages"}],"about":[{"href":"https:\/\/ambbelgrado.esteri.it\/it\/wp-json\/wp\/v2\/types\/page"}],"author":[{"embeddable":true,"href":"https:\/\/ambbelgrado.esteri.it\/it\/wp-json\/wp\/v2\/users\/1"}],"replies":[{"embeddable":true,"href":"https:\/\/ambbelgrado.esteri.it\/it\/wp-json\/wp\/v2\/comments?post=123"}],"version-history":[{"count":6,"href":"https:\/\/ambbelgrado.esteri.it\/it\/wp-json\/wp\/v2\/pages\/123\/revisions"}],"predecessor-version":[{"id":8766,"href":"https:\/\/ambbelgrado.esteri.it\/it\/wp-json\/wp\/v2\/pages\/123\/revisions\/8766"}],"up":[{"embeddable":true,"href":"https:\/\/ambbelgrado.esteri.it\/it\/wp-json\/wp\/v2\/pages\/13"}],"wp:attachment":[{"href":"https:\/\/ambbelgrado.esteri.it\/it\/wp-json\/wp\/v2\/media?parent=123"}],"curies":[{"name":"wp","href":"https:\/\/api.w.org\/{rel}","templated":true}]}}